{"id":19,"date":"2020-05-08T22:43:47","date_gmt":"2020-05-08T22:43:47","guid":{"rendered":"http:\/\/pixiacom.com.ar\/?page_id=19"},"modified":"2020-06-12T23:43:52","modified_gmt":"2020-06-12T23:43:52","slug":"streaming-video","status":"publish","type":"page","link":"https:\/\/pixiacom.com.ar\/index.php\/streaming-video\/","title":{"rendered":"Streaming Video"},"content":{"rendered":"<p>[et_pb_section fb_built=\u00bb1&#8243; _builder_version=\u00bb3.0.47&#8243;][et_pb_row _builder_version=\u00bb3.0.48&#8243; background_size=\u00bbinitial\u00bb background_position=\u00bbtop_left\u00bb background_repeat=\u00bbrepeat\u00bb][et_pb_column type=\u00bb4_4&#8243; _builder_version=\u00bb3.0.47&#8243;][et_pb_text _builder_version=\u00bb3.21.1&#8243; text_font=\u00bb||||||||\u00bb text_font_size=\u00bb16px\u00bb]<\/p>\n<p><strong>\u00bfTen\u00e9s un canal de TV y tu imagen no esta en internet?<\/strong><\/p>\n<p>Muchos peque\u00f1os y medianos canales de TV por cable inviertieron altas sumas de dinero actualizando sus equipos al sistema HD y todav\u00eda no tienen su imagen en internet. \u00bfSab\u00edas que con una baja inversi\u00f3n podes tener tu propia infraestrucutra para poner tu se\u00f1al de video en internet con calidad HD?<\/p>\n<p>El sistema de streaming de video que desarroll\u00e9 utiliza tecnolog\u00edas similares a las de otros grandes proveedores de video HD en linea como Youtube o Vimeo, con la posibilidad de tomar la imagen desde diversas fuentes anal\u00f3gicas o digitales, para luego poder ser reproducidas en todo tipo de dispositivos conectados a internet, como PC&#8217;s notebooks o celulares.<\/p>\n<p><strong>\u00bfPor qu\u00e9 poner mi canal de TV en internet?<\/strong><\/p>\n<p>Los peque\u00f1os y medianos canales de TV suelen tener su audiencia confinada a los l\u00edmites del cable operador por medio del cu\u00e1l transmiten su se\u00f1al. Subiendo la imagen en directo a internet, la audiencia no tiene l\u00edmite, llegando a miles de personas en vivo y en directo. Utilizando redes sociales y sitios web se pueden preparar estrategias para interactuar con la audiencia al mismo tiempo que est\u00e1n viendo la imagen.<\/p>\n<p>Las se\u00f1ales de streaming en directo por internet son muy utilizadas en grandes acontecimientos deportivos, culturales o hist\u00f3ricos como suelen ser los escrutinios de elecciones nacionales, provinciales o locales.<\/p>\n<p>Incrementar tu audiencia te permite tambi\u00e9n buscar nuevos horizontes en el desarrollo publicitario, captando nuevos auspiciantes y d\u00e1ndole valor agregado al servicio de publicidad que tu medio ofrece. Comentale estas posibilidades a tu agente publicitario que seguramente se va a entusiasmar y a pensar nuevas estrategias de venta apoyadas sobre mi tecnolog\u00eda.<\/p>\n<p>&nbsp;<\/p>\n<p>[\/et_pb_text][\/et_pb_column][\/et_pb_row][et_pb_row _builder_version=\u00bb3.21.1&#8243;][et_pb_column type=\u00bb1_2&#8243; _builder_version=\u00bb3.21.1&#8243;][et_pb_text _builder_version=\u00bb3.21.1&#8243; text_font=\u00bb||||||||\u00bb text_font_size=\u00bb16px\u00bb]<\/p>\n<p><strong>\u00bfC\u00f3mo se conecta mi canal a internet?<\/strong><\/p>\n<p>La forma de conectar tu porpio canal en internet es muy simple! Solo necesitas una fuente de audio y video anal\u00f3gico o digital, una PC con Windows 10 y una conexi\u00f3n estable a internet. Porsupuesto necesit\u00e1s de una p\u00e1gina web donde poner el reproductor de video online.<\/p>\n<p>[\/et_pb_text][\/et_pb_column][et_pb_column type=\u00bb1_2&#8243; _builder_version=\u00bb3.21.1&#8243;][et_pb_image src=\u00bbhttp:\/\/pixiacom.com.ar\/wp-content\/uploads\/2020\/05\/arquitectura-streaming.jpg\u00bb _builder_version=\u00bb3.21.1&#8243;][\/et_pb_image][\/et_pb_column][\/et_pb_row][et_pb_row _builder_version=\u00bb3.21.1&#8243;][et_pb_column type=\u00bb4_4&#8243; _builder_version=\u00bb3.21.1&#8243;][et_pb_text _builder_version=\u00bb3.21.1&#8243; text_font=\u00bb||||||||\u00bb text_font_size=\u00bb16px\u00bb]<\/p>\n<p><strong>\u00bfC\u00f3mo puedo tener mi servicio de Streaming HD con Pixiacom?<\/strong><\/p>\n<p>Actualmente hay dos posibilidades para que usted tenga el servicio de Streaming HD. En caso de que usted tenga un centro de datos conectado a internet las 24 horas del d\u00eda, se puede instalar el sistema de Streaming Pixiacom\u00a0<strong>en su propio servidor<\/strong>. Otra opci\u00f3n es que usted <strong>alquile uno de nuestros equipos<\/strong> ya configurados y listos para transmitir su se\u00f1al de TV HD.<\/p>\n<p>[\/et_pb_text][et_pb_contact_form email=\u00bbulises.nicolini@gmail.com\u00bb title=\u00bbSolicitar informaci\u00f3n sobre el servicio de Streaming TV HD de Pixiacom\u00bb success_message=\u00bbGracias! Nos pondremos en contacto con usted.\u00bb submit_button_text=\u00bbSolicito informaci\u00f3n\u00bb _builder_version=\u00bb3.21.1&#8243; title_font=\u00bbPoppins||||||||\u00bb][et_pb_contact_field field_id=\u00bbNombre\u00bb field_title=\u00bbNombre\u00bb _builder_version=\u00bb3.21.1&#8243; border_radii=\u00bbon||||\u00bb button_text_size__hover_enabled=\u00bboff\u00bb button_one_text_size__hover_enabled=\u00bboff\u00bb button_two_text_size__hover_enabled=\u00bboff\u00bb button_text_color__hover_enabled=\u00bboff\u00bb button_one_text_color__hover_enabled=\u00bboff\u00bb button_two_text_color__hover_enabled=\u00bboff\u00bb button_border_width__hover_enabled=\u00bboff\u00bb button_one_border_width__hover_enabled=\u00bboff\u00bb button_two_border_width__hover_enabled=\u00bboff\u00bb button_border_color__hover_enabled=\u00bboff\u00bb button_one_border_color__hover_enabled=\u00bboff\u00bb button_two_border_color__hover_enabled=\u00bboff\u00bb button_border_radius__hover_enabled=\u00bboff\u00bb button_one_border_radius__hover_enabled=\u00bboff\u00bb button_two_border_radius__hover_enabled=\u00bboff\u00bb button_letter_spacing__hover_enabled=\u00bboff\u00bb button_one_letter_spacing__hover_enabled=\u00bboff\u00bb button_two_letter_spacing__hover_enabled=\u00bboff\u00bb button_bg_color__hover_enabled=\u00bboff\u00bb button_one_bg_color__hover_enabled=\u00bboff\u00bb button_two_bg_color__hover_enabled=\u00bboff\u00bb][\/et_pb_contact_field][et_pb_contact_field field_id=\u00bbEmail\u00bb field_title=\u00bbDirecci\u00f3n de correo electr\u00f3nico\u00bb field_type=\u00bbemail\u00bb _builder_version=\u00bb3.16&#8243; border_radii=\u00bbon||||\u00bb button_text_size__hover_enabled=\u00bboff\u00bb button_one_text_size__hover_enabled=\u00bboff\u00bb button_two_text_size__hover_enabled=\u00bboff\u00bb button_text_color__hover_enabled=\u00bboff\u00bb button_one_text_color__hover_enabled=\u00bboff\u00bb button_two_text_color__hover_enabled=\u00bboff\u00bb button_border_width__hover_enabled=\u00bboff\u00bb button_one_border_width__hover_enabled=\u00bboff\u00bb button_two_border_width__hover_enabled=\u00bboff\u00bb button_border_color__hover_enabled=\u00bboff\u00bb button_one_border_color__hover_enabled=\u00bboff\u00bb button_two_border_color__hover_enabled=\u00bboff\u00bb button_border_radius__hover_enabled=\u00bboff\u00bb button_one_border_radius__hover_enabled=\u00bboff\u00bb button_two_border_radius__hover_enabled=\u00bboff\u00bb button_letter_spacing__hover_enabled=\u00bboff\u00bb button_one_letter_spacing__hover_enabled=\u00bboff\u00bb button_two_letter_spacing__hover_enabled=\u00bboff\u00bb button_bg_color__hover_enabled=\u00bboff\u00bb button_one_bg_color__hover_enabled=\u00bboff\u00bb button_two_bg_color__hover_enabled=\u00bboff\u00bb][\/et_pb_contact_field][et_pb_contact_field field_id=\u00bbMensaje\u00bb field_title=\u00bbMensaje\u00bb field_type=\u00bbtext\u00bb fullwidth_field=\u00bbon\u00bb _builder_version=\u00bb3.21.1&#8243; border_radii=\u00bbon||||\u00bb button_text_size__hover_enabled=\u00bboff\u00bb button_one_text_size__hover_enabled=\u00bboff\u00bb button_two_text_size__hover_enabled=\u00bboff\u00bb button_text_color__hover_enabled=\u00bboff\u00bb button_one_text_color__hover_enabled=\u00bboff\u00bb button_two_text_color__hover_enabled=\u00bboff\u00bb button_border_width__hover_enabled=\u00bboff\u00bb button_one_border_width__hover_enabled=\u00bboff\u00bb button_two_border_width__hover_enabled=\u00bboff\u00bb button_border_color__hover_enabled=\u00bboff\u00bb button_one_border_color__hover_enabled=\u00bboff\u00bb button_two_border_color__hover_enabled=\u00bboff\u00bb button_border_radius__hover_enabled=\u00bboff\u00bb button_one_border_radius__hover_enabled=\u00bboff\u00bb button_two_border_radius__hover_enabled=\u00bboff\u00bb button_letter_spacing__hover_enabled=\u00bboff\u00bb button_one_letter_spacing__hover_enabled=\u00bboff\u00bb button_two_letter_spacing__hover_enabled=\u00bboff\u00bb button_bg_color__hover_enabled=\u00bboff\u00bb button_one_bg_color__hover_enabled=\u00bboff\u00bb button_two_bg_color__hover_enabled=\u00bboff\u00bb][\/et_pb_contact_field][\/et_pb_contact_form][\/et_pb_column][\/et_pb_row][\/et_pb_section]<\/p>\n","protected":false},"excerpt":{"rendered":"<p>[et_pb_section fb_built=\u00bb1&#8243; _builder_version=\u00bb3.0.47&#8243;][et_pb_row _builder_version=\u00bb3.0.48&#8243; background_size=\u00bbinitial\u00bb background_position=\u00bbtop_left\u00bb background_repeat=\u00bbrepeat\u00bb][et_pb_column type=\u00bb4_4&#8243; _builder_version=\u00bb3.0.47&#8243;][et_pb_text _builder_version=\u00bb3.21.1&#8243; text_font=\u00bb||||||||\u00bb text_font_size=\u00bb16px\u00bb] \u00bfTen\u00e9s un canal de TV y tu imagen no esta en internet? Muchos peque\u00f1os y medianos canales de TV por cable inviertieron altas sumas de dinero actualizando sus equipos al sistema HD y todav\u00eda no tienen su imagen en internet. \u00bfSab\u00edas que con [&hellip;]<\/p>\n","protected":false},"author":2,"featured_media":0,"parent":0,"menu_order":0,"comment_status":"closed","ping_status":"closed","template":"","meta":{"_et_pb_use_builder":"on","_et_pb_old_content":"<strong>\u00bfTen\u00e9s un canal de TV y tu imagen no esta en internet?<\/strong>\r\n\r\nMuchos peque\u00f1os y medianos canales de TV por cable inviertieron altas sumas de dinero actualizando sus equipos al sistema HD y todav\u00eda no tienen su imagen en internet. \u00bfSab\u00edas que con una baja inversi\u00f3n podes tener tu propia infraestrucutra para poner tu se\u00f1al de video en internet con calidad HD?\r\n\r\nEl sistema de streaming de video que desarroll\u00e9 utiliza tecnolog\u00edas similares a las de otros grandes proveedores de video HD en linea como Youtube o Vimeo, con la posibilidad de tomar la imagen desde diversas fuentes anal\u00f3gicas o digitales, para luego poder ser reproducidas en todo tipo de dispositivos conectados a internet, como PC's notebooks o celulares.\r\n\r\n<strong>\u00bfPor qu\u00e9 poner mi canal de TV en internet?<\/strong>\r\n\r\nLos peque\u00f1os y medianos canales de TV suelen tener su audiencia confinada a los l\u00edmites del cable operador por medio del cu\u00e1l transmiten su se\u00f1al. Subiendo la imagen en directo a internet, la audiencia no tiene l\u00edmite, llegando a miles de personas en vivo y en directo. Utilizando redes sociales y sitios web se pueden preparar estrategias para interactuar con la audiencia al mismo tiempo que est\u00e1n viendo la imagen.\r\n\r\nLas se\u00f1ales de streaming en directo por internet son muy utilizadas en grandes acontecimientos deportivos, culturales o hist\u00f3ricos como suelen ser los escrutinios de elecciones nacionales, provinciales o locales.\r\n\r\nIncrementar tu audiencia te permite tambi\u00e9n buscar nuevos horizontes en el desarrollo publicitario, captando nuevos auspiciantes y d\u00e1ndole valor agregado al servicio de publicidad que tu medio ofrece. Comentale estas posibilidades a tu agente publicitario que seguramente se va a entusiasmar y a pensar nuevas estrategias de venta apoyadas sobre mi tecnolog\u00eda.\r\n\r\n&nbsp;"},"yoast_head":"<!-- This site is optimized with the Yoast SEO plugin v21.8.1 - https:\/\/yoast.com\/wordpress\/plugins\/seo\/ -->\n<title>Streaming Video - Pixiacom<\/title>\n<meta name=\"robots\" content=\"index, follow, max-snippet:-1, max-image-preview:large, max-video-preview:-1\" \/>\n<link rel=\"canonical\" href=\"https:\/\/pixiacom.com.ar\/index.php\/streaming-video\/\" \/>\n<meta property=\"og:locale\" content=\"es_ES\" \/>\n<meta property=\"og:type\" content=\"article\" \/>\n<meta property=\"og:title\" content=\"Streaming Video - Pixiacom\" \/>\n<meta property=\"og:description\" content=\"[et_pb_section fb_built=\u00bb1&#8243; _builder_version=\u00bb3.0.47&#8243;][et_pb_row _builder_version=\u00bb3.0.48&#8243; background_size=\u00bbinitial\u00bb background_position=\u00bbtop_left\u00bb background_repeat=\u00bbrepeat\u00bb][et_pb_column type=\u00bb4_4&#8243; _builder_version=\u00bb3.0.47&#8243;][et_pb_text _builder_version=\u00bb3.21.1&#8243; text_font=\u00bb||||||||\u00bb text_font_size=\u00bb16px\u00bb] \u00bfTen\u00e9s un canal de TV y tu imagen no esta en internet? Muchos peque\u00f1os y medianos canales de TV por cable inviertieron altas sumas de dinero actualizando sus equipos al sistema HD y todav\u00eda no tienen su imagen en internet. \u00bfSab\u00edas que con [&hellip;]\" \/>\n<meta property=\"og:url\" content=\"https:\/\/pixiacom.com.ar\/index.php\/streaming-video\/\" \/>\n<meta property=\"og:site_name\" content=\"Pixiacom\" \/>\n<meta property=\"article:modified_time\" content=\"2020-06-12T23:43:52+00:00\" \/>\n<meta name=\"twitter:card\" content=\"summary_large_image\" \/>\n<meta name=\"twitter:label1\" content=\"Tiempo de lectura\" \/>\n\t<meta name=\"twitter:data1\" content=\"6 minutos\" \/>\n<script type=\"application\/ld+json\" class=\"yoast-schema-graph\">{\"@context\":\"https:\/\/schema.org\",\"@graph\":[{\"@type\":\"WebPage\",\"@id\":\"https:\/\/pixiacom.com.ar\/index.php\/streaming-video\/\",\"url\":\"https:\/\/pixiacom.com.ar\/index.php\/streaming-video\/\",\"name\":\"Streaming Video - Pixiacom\",\"isPartOf\":{\"@id\":\"https:\/\/pixiacom.com.ar\/#website\"},\"datePublished\":\"2020-05-08T22:43:47+00:00\",\"dateModified\":\"2020-06-12T23:43:52+00:00\",\"breadcrumb\":{\"@id\":\"https:\/\/pixiacom.com.ar\/index.php\/streaming-video\/#breadcrumb\"},\"inLanguage\":\"es\",\"potentialAction\":[{\"@type\":\"ReadAction\",\"target\":[\"https:\/\/pixiacom.com.ar\/index.php\/streaming-video\/\"]}]},{\"@type\":\"BreadcrumbList\",\"@id\":\"https:\/\/pixiacom.com.ar\/index.php\/streaming-video\/#breadcrumb\",\"itemListElement\":[{\"@type\":\"ListItem\",\"position\":1,\"name\":\"Portada\",\"item\":\"https:\/\/pixiacom.com.ar\/\"},{\"@type\":\"ListItem\",\"position\":2,\"name\":\"Streaming Video\"}]},{\"@type\":\"WebSite\",\"@id\":\"https:\/\/pixiacom.com.ar\/#website\",\"url\":\"https:\/\/pixiacom.com.ar\/\",\"name\":\"Pixiacom\",\"description\":\"Ingenier\u00eda en Sistemas\",\"potentialAction\":[{\"@type\":\"SearchAction\",\"target\":{\"@type\":\"EntryPoint\",\"urlTemplate\":\"https:\/\/pixiacom.com.ar\/?s={search_term_string}\"},\"query-input\":\"required name=search_term_string\"}],\"inLanguage\":\"es\"}]}<\/script>\n<!-- \/ Yoast SEO plugin. -->","yoast_head_json":{"title":"Streaming Video - Pixiacom","robots":{"index":"index","follow":"follow","max-snippet":"max-snippet:-1","max-image-preview":"max-image-preview:large","max-video-preview":"max-video-preview:-1"},"canonical":"https:\/\/pixiacom.com.ar\/index.php\/streaming-video\/","og_locale":"es_ES","og_type":"article","og_title":"Streaming Video - Pixiacom","og_description":"[et_pb_section fb_built=\u00bb1&#8243; _builder_version=\u00bb3.0.47&#8243;][et_pb_row _builder_version=\u00bb3.0.48&#8243; background_size=\u00bbinitial\u00bb background_position=\u00bbtop_left\u00bb background_repeat=\u00bbrepeat\u00bb][et_pb_column type=\u00bb4_4&#8243; _builder_version=\u00bb3.0.47&#8243;][et_pb_text _builder_version=\u00bb3.21.1&#8243; text_font=\u00bb||||||||\u00bb text_font_size=\u00bb16px\u00bb] \u00bfTen\u00e9s un canal de TV y tu imagen no esta en internet? Muchos peque\u00f1os y medianos canales de TV por cable inviertieron altas sumas de dinero actualizando sus equipos al sistema HD y todav\u00eda no tienen su imagen en internet. \u00bfSab\u00edas que con [&hellip;]","og_url":"https:\/\/pixiacom.com.ar\/index.php\/streaming-video\/","og_site_name":"Pixiacom","article_modified_time":"2020-06-12T23:43:52+00:00","twitter_card":"summary_large_image","twitter_misc":{"Tiempo de lectura":"6 minutos"},"schema":{"@context":"https:\/\/schema.org","@graph":[{"@type":"WebPage","@id":"https:\/\/pixiacom.com.ar\/index.php\/streaming-video\/","url":"https:\/\/pixiacom.com.ar\/index.php\/streaming-video\/","name":"Streaming Video - Pixiacom","isPartOf":{"@id":"https:\/\/pixiacom.com.ar\/#website"},"datePublished":"2020-05-08T22:43:47+00:00","dateModified":"2020-06-12T23:43:52+00:00","breadcrumb":{"@id":"https:\/\/pixiacom.com.ar\/index.php\/streaming-video\/#breadcrumb"},"inLanguage":"es","potentialAction":[{"@type":"ReadAction","target":["https:\/\/pixiacom.com.ar\/index.php\/streaming-video\/"]}]},{"@type":"BreadcrumbList","@id":"https:\/\/pixiacom.com.ar\/index.php\/streaming-video\/#breadcrumb","itemListElement":[{"@type":"ListItem","position":1,"name":"Portada","item":"https:\/\/pixiacom.com.ar\/"},{"@type":"ListItem","position":2,"name":"Streaming Video"}]},{"@type":"WebSite","@id":"https:\/\/pixiacom.com.ar\/#website","url":"https:\/\/pixiacom.com.ar\/","name":"Pixiacom","description":"Ingenier\u00eda en Sistemas","potentialAction":[{"@type":"SearchAction","target":{"@type":"EntryPoint","urlTemplate":"https:\/\/pixiacom.com.ar\/?s={search_term_string}"},"query-input":"required name=search_term_string"}],"inLanguage":"es"}]}},"_links":{"self":[{"href":"https:\/\/pixiacom.com.ar\/index.php\/wp-json\/wp\/v2\/pages\/19"}],"collection":[{"href":"https:\/\/pixiacom.com.ar\/index.php\/wp-json\/wp\/v2\/pages"}],"about":[{"href":"https:\/\/pixiacom.com.ar\/index.php\/wp-json\/wp\/v2\/types\/page"}],"author":[{"embeddable":true,"href":"https:\/\/pixiacom.com.ar\/index.php\/wp-json\/wp\/v2\/users\/2"}],"replies":[{"embeddable":true,"href":"https:\/\/pixiacom.com.ar\/index.php\/wp-json\/wp\/v2\/comments?post=19"}],"version-history":[{"count":9,"href":"https:\/\/pixiacom.com.ar\/index.php\/wp-json\/wp\/v2\/pages\/19\/revisions"}],"predecessor-version":[{"id":191,"href":"https:\/\/pixiacom.com.ar\/index.php\/wp-json\/wp\/v2\/pages\/19\/revisions\/191"}],"wp:attachment":[{"href":"https:\/\/pixiacom.com.ar\/index.php\/wp-json\/wp\/v2\/media?parent=19"}],"curies":[{"name":"wp","href":"https:\/\/api.w.org\/{rel}","templated":true}]}}