{"id":213,"date":"2020-06-14T00:19:40","date_gmt":"2020-06-14T00:19:40","guid":{"rendered":"http:\/\/pixiacom.com.ar\/?page_id=213"},"modified":"2020-06-15T00:32:06","modified_gmt":"2020-06-15T00:32:06","slug":"ecommerce","status":"publish","type":"page","link":"https:\/\/pixiacom.com.ar\/index.php\/ecommerce\/","title":{"rendered":"Ecommerce"},"content":{"rendered":"<p>[et_pb_section fb_built=\u00bb1&#8243; _builder_version=\u00bb3.21.1&#8243;][et_pb_row _builder_version=\u00bb3.21.1&#8243;][et_pb_column type=\u00bb4_4&#8243; _builder_version=\u00bb3.21.1&#8243;][et_pb_text _builder_version=\u00bb3.21.1&#8243; text_font=\u00bb||||||||\u00bb text_font_size=\u00bb16px\u00bb header_font=\u00bb||||||||\u00bb header_2_font=\u00bbPoppins||||||||\u00bb]<\/p>\n<h2>Soluciones en Ecommerce<\/h2>\n<p>\u00bfNecesitas llevar tu sistema de venta a la web? Yo te puedo ayudar en eso! Te ofrezco mi experiencia desarrollando plataformas de ecommerce, que se adaptan a tus necesidades. Con mi servicio y asesor\u00eda vender por internet no es algo imposible, es algo real que podes comenzar a implementar en muy poco tiempo.<\/p>\n<h2>\u00bfQu\u00e9 te ofrezco?<\/h2>\n<p>Te ofrezco un sitio web con un cat\u00e1logo de productos autogestionable, lo cual significa que vos mismo vas a poder crear, eliminar o editar los productos del cat\u00e1logo con un m\u00ednimo esfuerzo y sin necesidad de tener grandes conocimientos en el uso de sistemas. \u00bfQuer\u00e9s transformar tu cat\u00e1logo en una <strong>tienda virtual<\/strong>?\u00a0 No hay problema! Podemos integrar el cat\u00e1logo con m\u00faltiples medios de pago online u offline para que tus clientes compren directamente desde tu propio sitio web.<\/p>\n<h2>\u00bfQu\u00e9 caracter\u00edsticas tiene mi sistema de ecommerce online?<\/h2>\n<p>Desde un panel de control privado vas a poder cargar productos con t\u00edtulo, descripci\u00f3n, precio y m\u00faltiples im\u00e1genes, poder categorizarlos y ordenarlos para que se vean de la mejor manera en tu p\u00e1gina web y tus clientes los encuentren con facilidad.<\/p>\n<p>[\/et_pb_text][\/et_pb_column][\/et_pb_row][et_pb_row _builder_version=\u00bb3.21.1&#8243;][et_pb_column type=\u00bb1_2&#8243; _builder_version=\u00bb3.21.1&#8243;][et_pb_text _builder_version=\u00bb3.21.1&#8243; header_font=\u00bb||||||||\u00bb header_3_font=\u00bbPoppins||||||||\u00bb]<\/p>\n<h3 style=\"text-align: center;\">Modo Cat\u00e1logo<\/h3>\n<ul>\n<li>Panel de control privado<\/li>\n<li>Carga de productos<\/li>\n<li>Edici\u00f3n de productos<\/li>\n<li>Eliminaci\u00f3n de productos<\/li>\n<li>Buscador<\/li>\n<li>Categor\u00edas<\/li>\n<li>Galer\u00eda de im\u00e1genes<\/li>\n<li>Formulario de Contacto<\/li>\n<li>Compatibilidad con SmartPhones<\/li>\n<\/ul>\n<p>[\/et_pb_text][\/et_pb_column][et_pb_column type=\u00bb1_2&#8243; _builder_version=\u00bb3.21.1&#8243;][et_pb_text _builder_version=\u00bb3.21.1&#8243; header_font=\u00bb||||||||\u00bb header_3_font=\u00bbPoppins||||||||\u00bb]<\/p>\n<h3 style=\"text-align: center;\">Modo Tienda Virtual<\/h3>\n<ul>\n<li>Panel de control privado<\/li>\n<li>Carga de productos<\/li>\n<li>Edici\u00f3n de productos<\/li>\n<li>Eliminaci\u00f3n de productos<\/li>\n<li>Variaciones de productos (medida, talle, color, etc)<\/li>\n<li>Buscador<\/li>\n<li>Categor\u00edas<\/li>\n<li>Galer\u00eda de im\u00e1genes<\/li>\n<li>Control de Stock<\/li>\n<li>Gesti\u00f3n de pedidos<\/li>\n<li>Medios de Pago Online (tarjetas)<\/li>\n<li>Medios de Pago Ofline (cadeter\u00eda, contra reembolso, etc)<\/li>\n<li>Carrito de Compras<\/li>\n<li>Cupones de descuento<\/li>\n<li>Compatibilidad con SmartPhones<\/li>\n<\/ul>\n<p>.<\/p>\n<p>[\/et_pb_text][\/et_pb_column][\/et_pb_row][et_pb_row _builder_version=\u00bb3.21.1&#8243;][et_pb_column type=\u00bb4_4&#8243; _builder_version=\u00bb3.21.1&#8243;][et_pb_text _builder_version=\u00bb3.21.1&#8243;]<\/p>\n<p>Nuestro sistema de ecommerce ofrece adem\u00e1s la posibilidad de incorporar un blog donde puedas contarle a tus clientes las ventajas de tus productos, novedades y servicios, siendo esto una herramienta fundamental para hacer el marketing de tu empresa. Desde el blog podes compart\u00edr tus art\u00edculos en las redes sociales para interactuar con nuevos clientes y abrir tus fronteras a lugares insospechados.<\/p>\n<p>[\/et_pb_text][\/et_pb_column][\/et_pb_row][et_pb_row _builder_version=\u00bb3.21.1&#8243;][et_pb_column type=\u00bb4_4&#8243; _builder_version=\u00bb3.21.1&#8243;][et_pb_text _builder_version=\u00bb3.21.1&#8243; text_font=\u00bb||||||||\u00bb text_font_size=\u00bb16px\u00bb header_font=\u00bb||||||||\u00bb header_2_font=\u00bbPoppins||||||||\u00bb]<\/p>\n<h2>Marketing y comunicaci\u00f3n<\/h2>\n<p>Mis a\u00f1os de experiencia trabajando en internet me permitieron realizar alianzas con importantes agencias de marketing, dise\u00f1o gr\u00e1fico, comunicaci\u00f3n y publicidad, por lo que mi sistema de ecommerce apoyado sobre campa\u00f1as de marketing en las redes sociales es todo lo que necesitas para impulsar las ventas de tu empresa. \u00bfNo tenes un logotipo? \u00bfNo tenes una identidad de marca? No importa! Juntos nos podemos encargar de eso y mucho mas.<\/p>\n<p>&nbsp;<\/p>\n<p>[\/et_pb_text][\/et_pb_column][\/et_pb_row][et_pb_row _builder_version=\u00bb3.21.1&#8243;][et_pb_column type=\u00bb4_4&#8243; _builder_version=\u00bb3.21.1&#8243;][et_pb_text _builder_version=\u00bb3.21.1&#8243; header_font=\u00bb||||||||\u00bb header_2_font=\u00bbPoppins||||||||\u00bb]<\/p>\n<h2>\u00bfTe cuento mas personalmente? Escribime!<\/h2>\n<p>[\/et_pb_text][et_pb_contact_form email=\u00bbulises.nicolini@gmail.com\u00bb success_message=\u00bbGracias por escribirme! Pronto me pondr\u00e9 en contacto.\u00bb submit_button_text=\u00bbContactar\u00bb _builder_version=\u00bb3.21.1&#8243;][et_pb_contact_field field_id=\u00bbProducto\u00bb field_title=\u00bbProducto\u00bb field_type=\u00bbcheckbox\u00bb checkbox_options=\u00bb%91{%22value%22:%22Cat\u00e1logo de Productos%22,%22checked%22:0,%22dragID%22:-1},{%22value%22:%22Tienda Virtual%22,%22checked%22:0,%22dragID%22:0},{%22value%22:%22Medios de pago online%22,%22checked%22:0,%22dragID%22:1}%93&#8243; _builder_version=\u00bb3.21.1&#8243;][\/et_pb_contact_field][et_pb_contact_field field_id=\u00bbAdicionales\u00bb field_title=\u00bbAdicionales\u00bb field_type=\u00bbcheckbox\u00bb checkbox_options=\u00bb%91{%22value%22:%22Sitio web%22,%22checked%22:0,%22dragID%22:2},{%22value%22:%22Blog%22,%22checked%22:0,%22dragID%22:0},{%22value%22:%22Dise\u00f1o gr\u00e1fico%22,%22checked%22:0,%22dragID%22:-1},{%22value%22:%22Marketing en redes sociales%22,%22checked%22:0,%22dragID%22:1},{%22value%22:%22Publicidad%22,%22checked%22:0,%22dragID%22:3}%93&#8243; _builder_version=\u00bb3.21.1&#8243;][\/et_pb_contact_field][et_pb_contact_field field_id=\u00bbNombre\u00bb field_title=\u00bbNombre\u00bb _builder_version=\u00bb3.21.1&#8243; border_radii=\u00bbon||||\u00bb button_text_size__hover_enabled=\u00bboff\u00bb button_one_text_size__hover_enabled=\u00bboff\u00bb button_two_text_size__hover_enabled=\u00bboff\u00bb button_text_color__hover_enabled=\u00bboff\u00bb button_one_text_color__hover_enabled=\u00bboff\u00bb button_two_text_color__hover_enabled=\u00bboff\u00bb button_border_width__hover_enabled=\u00bboff\u00bb button_one_border_width__hover_enabled=\u00bboff\u00bb button_two_border_width__hover_enabled=\u00bboff\u00bb button_border_color__hover_enabled=\u00bboff\u00bb button_one_border_color__hover_enabled=\u00bboff\u00bb button_two_border_color__hover_enabled=\u00bboff\u00bb button_border_radius__hover_enabled=\u00bboff\u00bb button_one_border_radius__hover_enabled=\u00bboff\u00bb button_two_border_radius__hover_enabled=\u00bboff\u00bb button_letter_spacing__hover_enabled=\u00bboff\u00bb button_one_letter_spacing__hover_enabled=\u00bboff\u00bb button_two_letter_spacing__hover_enabled=\u00bboff\u00bb button_bg_color__hover_enabled=\u00bboff\u00bb button_one_bg_color__hover_enabled=\u00bboff\u00bb button_two_bg_color__hover_enabled=\u00bboff\u00bb][\/et_pb_contact_field][et_pb_contact_field field_id=\u00bbEmail\u00bb field_title=\u00bbDirecci\u00f3n de correo electr\u00f3nico\u00bb field_type=\u00bbemail\u00bb _builder_version=\u00bb3.16&#8243; border_radii=\u00bbon||||\u00bb button_text_size__hover_enabled=\u00bboff\u00bb button_one_text_size__hover_enabled=\u00bboff\u00bb button_two_text_size__hover_enabled=\u00bboff\u00bb button_text_color__hover_enabled=\u00bboff\u00bb button_one_text_color__hover_enabled=\u00bboff\u00bb button_two_text_color__hover_enabled=\u00bboff\u00bb button_border_width__hover_enabled=\u00bboff\u00bb button_one_border_width__hover_enabled=\u00bboff\u00bb button_two_border_width__hover_enabled=\u00bboff\u00bb button_border_color__hover_enabled=\u00bboff\u00bb button_one_border_color__hover_enabled=\u00bboff\u00bb button_two_border_color__hover_enabled=\u00bboff\u00bb button_border_radius__hover_enabled=\u00bboff\u00bb button_one_border_radius__hover_enabled=\u00bboff\u00bb button_two_border_radius__hover_enabled=\u00bboff\u00bb button_letter_spacing__hover_enabled=\u00bboff\u00bb button_one_letter_spacing__hover_enabled=\u00bboff\u00bb button_two_letter_spacing__hover_enabled=\u00bboff\u00bb button_bg_color__hover_enabled=\u00bboff\u00bb button_one_bg_color__hover_enabled=\u00bboff\u00bb button_two_bg_color__hover_enabled=\u00bboff\u00bb][\/et_pb_contact_field][et_pb_contact_field field_id=\u00bbMensaje\u00bb field_title=\u00bbMensaje\u00bb field_type=\u00bbtext\u00bb fullwidth_field=\u00bbon\u00bb _builder_version=\u00bb3.21.1&#8243; border_radii=\u00bbon||||\u00bb button_text_size__hover_enabled=\u00bboff\u00bb button_one_text_size__hover_enabled=\u00bboff\u00bb button_two_text_size__hover_enabled=\u00bboff\u00bb button_text_color__hover_enabled=\u00bboff\u00bb button_one_text_color__hover_enabled=\u00bboff\u00bb button_two_text_color__hover_enabled=\u00bboff\u00bb button_border_width__hover_enabled=\u00bboff\u00bb button_one_border_width__hover_enabled=\u00bboff\u00bb button_two_border_width__hover_enabled=\u00bboff\u00bb button_border_color__hover_enabled=\u00bboff\u00bb button_one_border_color__hover_enabled=\u00bboff\u00bb button_two_border_color__hover_enabled=\u00bboff\u00bb button_border_radius__hover_enabled=\u00bboff\u00bb button_one_border_radius__hover_enabled=\u00bboff\u00bb button_two_border_radius__hover_enabled=\u00bboff\u00bb button_letter_spacing__hover_enabled=\u00bboff\u00bb button_one_letter_spacing__hover_enabled=\u00bboff\u00bb button_two_letter_spacing__hover_enabled=\u00bboff\u00bb button_bg_color__hover_enabled=\u00bboff\u00bb button_one_bg_color__hover_enabled=\u00bboff\u00bb button_two_bg_color__hover_enabled=\u00bboff\u00bb][\/et_pb_contact_field][\/et_pb_contact_form][\/et_pb_column][\/et_pb_row][\/et_pb_section]<\/p>\n","protected":false},"excerpt":{"rendered":"<p>[et_pb_section fb_built=\u00bb1&#8243; _builder_version=\u00bb3.21.1&#8243;][et_pb_row _builder_version=\u00bb3.21.1&#8243;][et_pb_column type=\u00bb4_4&#8243; _builder_version=\u00bb3.21.1&#8243;][et_pb_text _builder_version=\u00bb3.21.1&#8243; text_font=\u00bb||||||||\u00bb text_font_size=\u00bb16px\u00bb header_font=\u00bb||||||||\u00bb header_2_font=\u00bbPoppins||||||||\u00bb] Soluciones en Ecommerce \u00bfNecesitas llevar tu sistema de venta a la web? Yo te puedo ayudar en eso! Te ofrezco mi experiencia desarrollando plataformas de ecommerce, que se adaptan a tus necesidades. Con mi servicio y asesor\u00eda vender por internet no es algo imposible, [&hellip;]<\/p>\n","protected":false},"author":2,"featured_media":0,"parent":0,"menu_order":0,"comment_status":"closed","ping_status":"closed","template":"","meta":{"_et_pb_use_builder":"on","_et_pb_old_content":""},"yoast_head":"<!-- This site is optimized with the Yoast SEO plugin v21.8.1 - https:\/\/yoast.com\/wordpress\/plugins\/seo\/ -->\n<title>Ecommerce - Pixiacom<\/title>\n<meta name=\"robots\" content=\"index, follow, max-snippet:-1, max-image-preview:large, max-video-preview:-1\" \/>\n<link rel=\"canonical\" href=\"https:\/\/pixiacom.com.ar\/index.php\/ecommerce\/\" \/>\n<meta property=\"og:locale\" content=\"es_ES\" \/>\n<meta property=\"og:type\" content=\"article\" \/>\n<meta property=\"og:title\" content=\"Ecommerce - Pixiacom\" \/>\n<meta property=\"og:description\" content=\"[et_pb_section fb_built=\u00bb1&#8243; _builder_version=\u00bb3.21.1&#8243;][et_pb_row _builder_version=\u00bb3.21.1&#8243;][et_pb_column type=\u00bb4_4&#8243; _builder_version=\u00bb3.21.1&#8243;][et_pb_text _builder_version=\u00bb3.21.1&#8243; text_font=\u00bb||||||||\u00bb text_font_size=\u00bb16px\u00bb header_font=\u00bb||||||||\u00bb header_2_font=\u00bbPoppins||||||||\u00bb] Soluciones en Ecommerce \u00bfNecesitas llevar tu sistema de venta a la web? Yo te puedo ayudar en eso! Te ofrezco mi experiencia desarrollando plataformas de ecommerce, que se adaptan a tus necesidades. Con mi servicio y asesor\u00eda vender por internet no es algo imposible, [&hellip;]\" \/>\n<meta property=\"og:url\" content=\"https:\/\/pixiacom.com.ar\/index.php\/ecommerce\/\" \/>\n<meta property=\"og:site_name\" content=\"Pixiacom\" \/>\n<meta property=\"article:modified_time\" content=\"2020-06-15T00:32:06+00:00\" \/>\n<meta name=\"twitter:card\" content=\"summary_large_image\" \/>\n<meta name=\"twitter:label1\" content=\"Tiempo de lectura\" \/>\n\t<meta name=\"twitter:data1\" content=\"6 minutos\" \/>\n<script type=\"application\/ld+json\" class=\"yoast-schema-graph\">{\"@context\":\"https:\/\/schema.org\",\"@graph\":[{\"@type\":\"WebPage\",\"@id\":\"https:\/\/pixiacom.com.ar\/index.php\/ecommerce\/\",\"url\":\"https:\/\/pixiacom.com.ar\/index.php\/ecommerce\/\",\"name\":\"Ecommerce - Pixiacom\",\"isPartOf\":{\"@id\":\"https:\/\/pixiacom.com.ar\/#website\"},\"datePublished\":\"2020-06-14T00:19:40+00:00\",\"dateModified\":\"2020-06-15T00:32:06+00:00\",\"breadcrumb\":{\"@id\":\"https:\/\/pixiacom.com.ar\/index.php\/ecommerce\/#breadcrumb\"},\"inLanguage\":\"es\",\"potentialAction\":[{\"@type\":\"ReadAction\",\"target\":[\"https:\/\/pixiacom.com.ar\/index.php\/ecommerce\/\"]}]},{\"@type\":\"BreadcrumbList\",\"@id\":\"https:\/\/pixiacom.com.ar\/index.php\/ecommerce\/#breadcrumb\",\"itemListElement\":[{\"@type\":\"ListItem\",\"position\":1,\"name\":\"Portada\",\"item\":\"https:\/\/pixiacom.com.ar\/\"},{\"@type\":\"ListItem\",\"position\":2,\"name\":\"Ecommerce\"}]},{\"@type\":\"WebSite\",\"@id\":\"https:\/\/pixiacom.com.ar\/#website\",\"url\":\"https:\/\/pixiacom.com.ar\/\",\"name\":\"Pixiacom\",\"description\":\"Ingenier\u00eda en Sistemas\",\"potentialAction\":[{\"@type\":\"SearchAction\",\"target\":{\"@type\":\"EntryPoint\",\"urlTemplate\":\"https:\/\/pixiacom.com.ar\/?s={search_term_string}\"},\"query-input\":\"required name=search_term_string\"}],\"inLanguage\":\"es\"}]}<\/script>\n<!-- \/ Yoast SEO plugin. -->","yoast_head_json":{"title":"Ecommerce - Pixiacom","robots":{"index":"index","follow":"follow","max-snippet":"max-snippet:-1","max-image-preview":"max-image-preview:large","max-video-preview":"max-video-preview:-1"},"canonical":"https:\/\/pixiacom.com.ar\/index.php\/ecommerce\/","og_locale":"es_ES","og_type":"article","og_title":"Ecommerce - Pixiacom","og_description":"[et_pb_section fb_built=\u00bb1&#8243; _builder_version=\u00bb3.21.1&#8243;][et_pb_row _builder_version=\u00bb3.21.1&#8243;][et_pb_column type=\u00bb4_4&#8243; _builder_version=\u00bb3.21.1&#8243;][et_pb_text _builder_version=\u00bb3.21.1&#8243; text_font=\u00bb||||||||\u00bb text_font_size=\u00bb16px\u00bb header_font=\u00bb||||||||\u00bb header_2_font=\u00bbPoppins||||||||\u00bb] Soluciones en Ecommerce \u00bfNecesitas llevar tu sistema de venta a la web? Yo te puedo ayudar en eso! Te ofrezco mi experiencia desarrollando plataformas de ecommerce, que se adaptan a tus necesidades. Con mi servicio y asesor\u00eda vender por internet no es algo imposible, [&hellip;]","og_url":"https:\/\/pixiacom.com.ar\/index.php\/ecommerce\/","og_site_name":"Pixiacom","article_modified_time":"2020-06-15T00:32:06+00:00","twitter_card":"summary_large_image","twitter_misc":{"Tiempo de lectura":"6 minutos"},"schema":{"@context":"https:\/\/schema.org","@graph":[{"@type":"WebPage","@id":"https:\/\/pixiacom.com.ar\/index.php\/ecommerce\/","url":"https:\/\/pixiacom.com.ar\/index.php\/ecommerce\/","name":"Ecommerce - Pixiacom","isPartOf":{"@id":"https:\/\/pixiacom.com.ar\/#website"},"datePublished":"2020-06-14T00:19:40+00:00","dateModified":"2020-06-15T00:32:06+00:00","breadcrumb":{"@id":"https:\/\/pixiacom.com.ar\/index.php\/ecommerce\/#breadcrumb"},"inLanguage":"es","potentialAction":[{"@type":"ReadAction","target":["https:\/\/pixiacom.com.ar\/index.php\/ecommerce\/"]}]},{"@type":"BreadcrumbList","@id":"https:\/\/pixiacom.com.ar\/index.php\/ecommerce\/#breadcrumb","itemListElement":[{"@type":"ListItem","position":1,"name":"Portada","item":"https:\/\/pixiacom.com.ar\/"},{"@type":"ListItem","position":2,"name":"Ecommerce"}]},{"@type":"WebSite","@id":"https:\/\/pixiacom.com.ar\/#website","url":"https:\/\/pixiacom.com.ar\/","name":"Pixiacom","description":"Ingenier\u00eda en Sistemas","potentialAction":[{"@type":"SearchAction","target":{"@type":"EntryPoint","urlTemplate":"https:\/\/pixiacom.com.ar\/?s={search_term_string}"},"query-input":"required name=search_term_string"}],"inLanguage":"es"}]}},"_links":{"self":[{"href":"https:\/\/pixiacom.com.ar\/index.php\/wp-json\/wp\/v2\/pages\/213"}],"collection":[{"href":"https:\/\/pixiacom.com.ar\/index.php\/wp-json\/wp\/v2\/pages"}],"about":[{"href":"https:\/\/pixiacom.com.ar\/index.php\/wp-json\/wp\/v2\/types\/page"}],"author":[{"embeddable":true,"href":"https:\/\/pixiacom.com.ar\/index.php\/wp-json\/wp\/v2\/users\/2"}],"replies":[{"embeddable":true,"href":"https:\/\/pixiacom.com.ar\/index.php\/wp-json\/wp\/v2\/comments?post=213"}],"version-history":[{"count":11,"href":"https:\/\/pixiacom.com.ar\/index.php\/wp-json\/wp\/v2\/pages\/213\/revisions"}],"predecessor-version":[{"id":238,"href":"https:\/\/pixiacom.com.ar\/index.php\/wp-json\/wp\/v2\/pages\/213\/revisions\/238"}],"wp:attachment":[{"href":"https:\/\/pixiacom.com.ar\/index.php\/wp-json\/wp\/v2\/media?parent=213"}],"curies":[{"name":"wp","href":"https:\/\/api.w.org\/{rel}","templated":true}]}}