{"id":33,"date":"2020-05-08T22:49:21","date_gmt":"2020-05-08T22:49:21","guid":{"rendered":"http:\/\/pixiacom.com.ar\/?page_id=33"},"modified":"2020-06-14T15:49:16","modified_gmt":"2020-06-14T15:49:16","slug":"desarrollos-a-medida","status":"publish","type":"page","link":"https:\/\/pixiacom.com.ar\/index.php\/desarrollos-a-medida\/","title":{"rendered":"Desarrollos a medida"},"content":{"rendered":"<p>[et_pb_section fb_built=\u00bb1&#8243; _builder_version=\u00bb3.21.1&#8243;][et_pb_row _builder_version=\u00bb3.21.1&#8243;][et_pb_column type=\u00bb4_4&#8243; _builder_version=\u00bb3.21.1&#8243;][et_pb_text _builder_version=\u00bb3.21.1&#8243; text_font=\u00bb||||||||\u00bb text_font_size=\u00bb16px\u00bb header_font=\u00bb||||||||\u00bb header_2_font=\u00bbPoppins||||||||\u00bb]<\/p>\n<h2>Software en la nube<\/h2>\n<p>Desde hace unos a\u00f1os el software que usted ejecutaba desde tu PC de escritorio paso a ejecutarse en lo que hoy llamamos \u00abla nube\u00bb. Esto trae todo un nuevo mundo de posibilidades para el usuario, por ejemplo poder acceder al software desde cualquier equipo que este conectado a internet, incluso desde tu smart phone favorito o tu tablet. Otra ventaja de este nuevo paradigma en el uso de software es su agilidad para mantenerlo, ampliarlo y brindar soporte t\u00e9cnico. Por este motivo desde hace ya mas de 10 a\u00f1os me especialic\u00e9 en dominar todas las tecnolog\u00edas necesarias para desarrollar este tipo de productos de software.<\/p>\n<h2>\u00bfQu\u00e9 hago exactamente?<\/h2>\n<p>Desarrollo sistemas de software en la nube a medida para profesionales, peque\u00f1as y medianas empresas, realizando el ciclo completo del proceso del sistema que usted necesita. Me encargo de reunir los requerimientos del cliente, conocer las dificultades que afronta al no tener una plataforma de software sobre el cual apoyarse. Conociendo esto me encargo de analizar, dise\u00f1ar y desarrollar el software que mejor se adapte a tus necesidades. Por supuesto mi trabajo no finaliza alli, ya que luego me encargo de brindar el soporte t\u00e9cnico y la consultor\u00eda que necesites para obtener la m\u00e1xima eficiencia del sistema.<\/p>\n<h2>\u00bfC\u00f3mo trabajo?<\/h2>\n<p>Normalmente el primer paso se da cuando el cliente me presenta el problema que necesita resolver o automatizar, en ese momento mediante una simple entrevista obtengo cuales son los requisitos que el sistema de software debe reunir y el resultado que se desea obtener. Seguidamente realizo el an\u00e1lisis del proyecto aplicando el paradigma de Producto M\u00ednimo Viable (<a href=\"https:\/\/es.wikipedia.org\/wiki\/Producto_viable_m%C3%ADnimo\" target=\"_blank\" rel=\"noopener noreferrer\">MVP<\/a>), lo que permite obtener resultados inmediatos implementando las funcionalidades escenciales para cumplir con los objetivos propuestos. Esta metodolog\u00eda de trabajo optimiza los tiempos, minimiza el costo del presupuesto y permite al cliente obtener resultados inmediatos entre otras ventajas. Finalizado el an\u00e1lisis confecciono el presupuesto por el trabajo con los plazos de tiempo de desarrollo estimados.<\/p>\n<p>&nbsp;<\/p>\n<h2>\u00bfComenzamos a trabajar? Contactate conmigo!<\/h2>\n<p>[\/et_pb_text][\/et_pb_column][\/et_pb_row][et_pb_row _builder_version=\u00bb3.21.1&#8243;][et_pb_column type=\u00bb4_4&#8243; _builder_version=\u00bb3.21.1&#8243;][et_pb_contact_form _builder_version=\u00bb3.21.1&#8243; success_message=\u00bbGracias por enviarme tu consulta! Pronto me pondr\u00e9 en contacto.\u00bb submit_button_text=\u00bbConsultar\u00bb email=\u00bbulises.nicolini@gmail.com\u00bb][et_pb_contact_field field_id=\u00bbNombre\u00bb field_title=\u00bbNombre\u00bb _builder_version=\u00bb3.21.1&#8243; border_radii=\u00bbon||||\u00bb button_text_size__hover_enabled=\u00bboff\u00bb button_one_text_size__hover_enabled=\u00bboff\u00bb button_two_text_size__hover_enabled=\u00bboff\u00bb button_text_color__hover_enabled=\u00bboff\u00bb button_one_text_color__hover_enabled=\u00bboff\u00bb button_two_text_color__hover_enabled=\u00bboff\u00bb button_border_width__hover_enabled=\u00bboff\u00bb button_one_border_width__hover_enabled=\u00bboff\u00bb button_two_border_width__hover_enabled=\u00bboff\u00bb button_border_color__hover_enabled=\u00bboff\u00bb button_one_border_color__hover_enabled=\u00bboff\u00bb button_two_border_color__hover_enabled=\u00bboff\u00bb button_border_radius__hover_enabled=\u00bboff\u00bb button_one_border_radius__hover_enabled=\u00bboff\u00bb button_two_border_radius__hover_enabled=\u00bboff\u00bb button_letter_spacing__hover_enabled=\u00bboff\u00bb button_one_letter_spacing__hover_enabled=\u00bboff\u00bb button_two_letter_spacing__hover_enabled=\u00bboff\u00bb button_bg_color__hover_enabled=\u00bboff\u00bb button_one_bg_color__hover_enabled=\u00bboff\u00bb button_two_bg_color__hover_enabled=\u00bboff\u00bb][\/et_pb_contact_field][et_pb_contact_field field_id=\u00bbEmpresa\u00bb field_title=\u00bbEmpresa u Organizaci\u00f3n\u00bb required_mark=\u00bboff\u00bb _builder_version=\u00bb3.21.1&#8243;][\/et_pb_contact_field][et_pb_contact_field field_id=\u00bbEmail\u00bb field_title=\u00bbDirecci\u00f3n de correo electr\u00f3nico\u00bb field_type=\u00bbemail\u00bb _builder_version=\u00bb3.16&#8243; border_radii=\u00bbon||||\u00bb button_text_size__hover_enabled=\u00bboff\u00bb button_one_text_size__hover_enabled=\u00bboff\u00bb button_two_text_size__hover_enabled=\u00bboff\u00bb button_text_color__hover_enabled=\u00bboff\u00bb button_one_text_color__hover_enabled=\u00bboff\u00bb button_two_text_color__hover_enabled=\u00bboff\u00bb button_border_width__hover_enabled=\u00bboff\u00bb button_one_border_width__hover_enabled=\u00bboff\u00bb button_two_border_width__hover_enabled=\u00bboff\u00bb button_border_color__hover_enabled=\u00bboff\u00bb button_one_border_color__hover_enabled=\u00bboff\u00bb button_two_border_color__hover_enabled=\u00bboff\u00bb button_border_radius__hover_enabled=\u00bboff\u00bb button_one_border_radius__hover_enabled=\u00bboff\u00bb button_two_border_radius__hover_enabled=\u00bboff\u00bb button_letter_spacing__hover_enabled=\u00bboff\u00bb button_one_letter_spacing__hover_enabled=\u00bboff\u00bb button_two_letter_spacing__hover_enabled=\u00bboff\u00bb button_bg_color__hover_enabled=\u00bboff\u00bb button_one_bg_color__hover_enabled=\u00bboff\u00bb button_two_bg_color__hover_enabled=\u00bboff\u00bb][\/et_pb_contact_field][et_pb_contact_field field_id=\u00bbTel\u00e9fono\u00bb field_title=\u00bbTel\u00e9fono\u00bb required_mark=\u00bboff\u00bb _builder_version=\u00bb3.21.1&#8243;][\/et_pb_contact_field][et_pb_contact_field field_id=\u00bbMensaje\u00bb field_title=\u00bbMensaje\u00bb field_type=\u00bbtext\u00bb fullwidth_field=\u00bbon\u00bb _builder_version=\u00bb3.21.1&#8243; border_radii=\u00bbon||||\u00bb button_text_size__hover_enabled=\u00bboff\u00bb button_one_text_size__hover_enabled=\u00bboff\u00bb button_two_text_size__hover_enabled=\u00bboff\u00bb button_text_color__hover_enabled=\u00bboff\u00bb button_one_text_color__hover_enabled=\u00bboff\u00bb button_two_text_color__hover_enabled=\u00bboff\u00bb button_border_width__hover_enabled=\u00bboff\u00bb button_one_border_width__hover_enabled=\u00bboff\u00bb button_two_border_width__hover_enabled=\u00bboff\u00bb button_border_color__hover_enabled=\u00bboff\u00bb button_one_border_color__hover_enabled=\u00bboff\u00bb button_two_border_color__hover_enabled=\u00bboff\u00bb button_border_radius__hover_enabled=\u00bboff\u00bb button_one_border_radius__hover_enabled=\u00bboff\u00bb button_two_border_radius__hover_enabled=\u00bboff\u00bb button_letter_spacing__hover_enabled=\u00bboff\u00bb button_one_letter_spacing__hover_enabled=\u00bboff\u00bb button_two_letter_spacing__hover_enabled=\u00bboff\u00bb button_bg_color__hover_enabled=\u00bboff\u00bb button_one_bg_color__hover_enabled=\u00bboff\u00bb button_two_bg_color__hover_enabled=\u00bboff\u00bb][\/et_pb_contact_field][\/et_pb_contact_form][\/et_pb_column][\/et_pb_row][\/et_pb_section]<\/p>\n","protected":false},"excerpt":{"rendered":"<p>[et_pb_section fb_built=\u00bb1&#8243; _builder_version=\u00bb3.21.1&#8243;][et_pb_row _builder_version=\u00bb3.21.1&#8243;][et_pb_column type=\u00bb4_4&#8243; _builder_version=\u00bb3.21.1&#8243;][et_pb_text _builder_version=\u00bb3.21.1&#8243; text_font=\u00bb||||||||\u00bb text_font_size=\u00bb16px\u00bb header_font=\u00bb||||||||\u00bb header_2_font=\u00bbPoppins||||||||\u00bb] Software en la nube Desde hace unos a\u00f1os el software que usted ejecutaba desde tu PC de escritorio paso a ejecutarse en lo que hoy llamamos \u00abla nube\u00bb. Esto trae todo un nuevo mundo de posibilidades para el usuario, por ejemplo poder acceder al [&hellip;]<\/p>\n","protected":false},"author":2,"featured_media":0,"parent":0,"menu_order":0,"comment_status":"closed","ping_status":"closed","template":"","meta":{"_et_pb_use_builder":"on","_et_pb_old_content":""},"yoast_head":"<!-- This site is optimized with the Yoast SEO plugin v21.8.1 - https:\/\/yoast.com\/wordpress\/plugins\/seo\/ -->\n<title>Desarrollos a medida - Pixiacom<\/title>\n<meta name=\"robots\" content=\"index, follow, max-snippet:-1, max-image-preview:large, max-video-preview:-1\" \/>\n<link rel=\"canonical\" href=\"https:\/\/pixiacom.com.ar\/index.php\/desarrollos-a-medida\/\" \/>\n<meta property=\"og:locale\" content=\"es_ES\" \/>\n<meta property=\"og:type\" content=\"article\" \/>\n<meta property=\"og:title\" content=\"Desarrollos a medida - Pixiacom\" \/>\n<meta property=\"og:description\" content=\"[et_pb_section fb_built=\u00bb1&#8243; _builder_version=\u00bb3.21.1&#8243;][et_pb_row _builder_version=\u00bb3.21.1&#8243;][et_pb_column type=\u00bb4_4&#8243; _builder_version=\u00bb3.21.1&#8243;][et_pb_text _builder_version=\u00bb3.21.1&#8243; text_font=\u00bb||||||||\u00bb text_font_size=\u00bb16px\u00bb header_font=\u00bb||||||||\u00bb header_2_font=\u00bbPoppins||||||||\u00bb] Software en la nube Desde hace unos a\u00f1os el software que usted ejecutaba desde tu PC de escritorio paso a ejecutarse en lo que hoy llamamos \u00abla nube\u00bb. Esto trae todo un nuevo mundo de posibilidades para el usuario, por ejemplo poder acceder al [&hellip;]\" \/>\n<meta property=\"og:url\" content=\"https:\/\/pixiacom.com.ar\/index.php\/desarrollos-a-medida\/\" \/>\n<meta property=\"og:site_name\" content=\"Pixiacom\" \/>\n<meta property=\"article:modified_time\" content=\"2020-06-14T15:49:16+00:00\" \/>\n<meta name=\"twitter:card\" content=\"summary_large_image\" \/>\n<meta name=\"twitter:label1\" content=\"Tiempo de lectura\" \/>\n\t<meta name=\"twitter:data1\" content=\"5 minutos\" \/>\n<script type=\"application\/ld+json\" class=\"yoast-schema-graph\">{\"@context\":\"https:\/\/schema.org\",\"@graph\":[{\"@type\":\"WebPage\",\"@id\":\"https:\/\/pixiacom.com.ar\/index.php\/desarrollos-a-medida\/\",\"url\":\"https:\/\/pixiacom.com.ar\/index.php\/desarrollos-a-medida\/\",\"name\":\"Desarrollos a medida - Pixiacom\",\"isPartOf\":{\"@id\":\"https:\/\/pixiacom.com.ar\/#website\"},\"datePublished\":\"2020-05-08T22:49:21+00:00\",\"dateModified\":\"2020-06-14T15:49:16+00:00\",\"breadcrumb\":{\"@id\":\"https:\/\/pixiacom.com.ar\/index.php\/desarrollos-a-medida\/#breadcrumb\"},\"inLanguage\":\"es\",\"potentialAction\":[{\"@type\":\"ReadAction\",\"target\":[\"https:\/\/pixiacom.com.ar\/index.php\/desarrollos-a-medida\/\"]}]},{\"@type\":\"BreadcrumbList\",\"@id\":\"https:\/\/pixiacom.com.ar\/index.php\/desarrollos-a-medida\/#breadcrumb\",\"itemListElement\":[{\"@type\":\"ListItem\",\"position\":1,\"name\":\"Portada\",\"item\":\"https:\/\/pixiacom.com.ar\/\"},{\"@type\":\"ListItem\",\"position\":2,\"name\":\"Desarrollos a medida\"}]},{\"@type\":\"WebSite\",\"@id\":\"https:\/\/pixiacom.com.ar\/#website\",\"url\":\"https:\/\/pixiacom.com.ar\/\",\"name\":\"Pixiacom\",\"description\":\"Ingenier\u00eda en Sistemas\",\"potentialAction\":[{\"@type\":\"SearchAction\",\"target\":{\"@type\":\"EntryPoint\",\"urlTemplate\":\"https:\/\/pixiacom.com.ar\/?s={search_term_string}\"},\"query-input\":\"required name=search_term_string\"}],\"inLanguage\":\"es\"}]}<\/script>\n<!-- \/ Yoast SEO plugin. -->","yoast_head_json":{"title":"Desarrollos a medida - Pixiacom","robots":{"index":"index","follow":"follow","max-snippet":"max-snippet:-1","max-image-preview":"max-image-preview:large","max-video-preview":"max-video-preview:-1"},"canonical":"https:\/\/pixiacom.com.ar\/index.php\/desarrollos-a-medida\/","og_locale":"es_ES","og_type":"article","og_title":"Desarrollos a medida - Pixiacom","og_description":"[et_pb_section fb_built=\u00bb1&#8243; _builder_version=\u00bb3.21.1&#8243;][et_pb_row _builder_version=\u00bb3.21.1&#8243;][et_pb_column type=\u00bb4_4&#8243; _builder_version=\u00bb3.21.1&#8243;][et_pb_text _builder_version=\u00bb3.21.1&#8243; text_font=\u00bb||||||||\u00bb text_font_size=\u00bb16px\u00bb header_font=\u00bb||||||||\u00bb header_2_font=\u00bbPoppins||||||||\u00bb] Software en la nube Desde hace unos a\u00f1os el software que usted ejecutaba desde tu PC de escritorio paso a ejecutarse en lo que hoy llamamos \u00abla nube\u00bb. Esto trae todo un nuevo mundo de posibilidades para el usuario, por ejemplo poder acceder al [&hellip;]","og_url":"https:\/\/pixiacom.com.ar\/index.php\/desarrollos-a-medida\/","og_site_name":"Pixiacom","article_modified_time":"2020-06-14T15:49:16+00:00","twitter_card":"summary_large_image","twitter_misc":{"Tiempo de lectura":"5 minutos"},"schema":{"@context":"https:\/\/schema.org","@graph":[{"@type":"WebPage","@id":"https:\/\/pixiacom.com.ar\/index.php\/desarrollos-a-medida\/","url":"https:\/\/pixiacom.com.ar\/index.php\/desarrollos-a-medida\/","name":"Desarrollos a medida - Pixiacom","isPartOf":{"@id":"https:\/\/pixiacom.com.ar\/#website"},"datePublished":"2020-05-08T22:49:21+00:00","dateModified":"2020-06-14T15:49:16+00:00","breadcrumb":{"@id":"https:\/\/pixiacom.com.ar\/index.php\/desarrollos-a-medida\/#breadcrumb"},"inLanguage":"es","potentialAction":[{"@type":"ReadAction","target":["https:\/\/pixiacom.com.ar\/index.php\/desarrollos-a-medida\/"]}]},{"@type":"BreadcrumbList","@id":"https:\/\/pixiacom.com.ar\/index.php\/desarrollos-a-medida\/#breadcrumb","itemListElement":[{"@type":"ListItem","position":1,"name":"Portada","item":"https:\/\/pixiacom.com.ar\/"},{"@type":"ListItem","position":2,"name":"Desarrollos a medida"}]},{"@type":"WebSite","@id":"https:\/\/pixiacom.com.ar\/#website","url":"https:\/\/pixiacom.com.ar\/","name":"Pixiacom","description":"Ingenier\u00eda en Sistemas","potentialAction":[{"@type":"SearchAction","target":{"@type":"EntryPoint","urlTemplate":"https:\/\/pixiacom.com.ar\/?s={search_term_string}"},"query-input":"required name=search_term_string"}],"inLanguage":"es"}]}},"_links":{"self":[{"href":"https:\/\/pixiacom.com.ar\/index.php\/wp-json\/wp\/v2\/pages\/33"}],"collection":[{"href":"https:\/\/pixiacom.com.ar\/index.php\/wp-json\/wp\/v2\/pages"}],"about":[{"href":"https:\/\/pixiacom.com.ar\/index.php\/wp-json\/wp\/v2\/types\/page"}],"author":[{"embeddable":true,"href":"https:\/\/pixiacom.com.ar\/index.php\/wp-json\/wp\/v2\/users\/2"}],"replies":[{"embeddable":true,"href":"https:\/\/pixiacom.com.ar\/index.php\/wp-json\/wp\/v2\/comments?post=33"}],"version-history":[{"count":6,"href":"https:\/\/pixiacom.com.ar\/index.php\/wp-json\/wp\/v2\/pages\/33\/revisions"}],"predecessor-version":[{"id":217,"href":"https:\/\/pixiacom.com.ar\/index.php\/wp-json\/wp\/v2\/pages\/33\/revisions\/217"}],"wp:attachment":[{"href":"https:\/\/pixiacom.com.ar\/index.php\/wp-json\/wp\/v2\/media?parent=33"}],"curies":[{"name":"wp","href":"https:\/\/api.w.org\/{rel}","templated":true}]}}