{"id":357,"date":"2020-08-14T23:17:16","date_gmt":"2020-08-14T23:17:16","guid":{"rendered":"http:\/\/pixiacom.com.ar\/?page_id=357"},"modified":"2020-08-15T00:30:37","modified_gmt":"2020-08-15T00:30:37","slug":"sobre-mi","status":"publish","type":"page","link":"https:\/\/pixiacom.com.ar\/index.php\/sobre-mi\/","title":{"rendered":"Sobre M\u00ed"},"content":{"rendered":"<div id=\"attachment_375\" style=\"width: 310px\" class=\"wp-caption alignleft\"><img aria-describedby=\"caption-attachment-375\" decoding=\"async\" loading=\"lazy\" class=\"wp-image-375 size-medium\" src=\"http:\/\/pixiacom.com.ar\/wp-content\/uploads\/2020\/08\/ulises-en-tv-300x169.jpg\" alt=\"\" width=\"300\" height=\"169\" srcset=\"https:\/\/pixiacom.com.ar\/wp-content\/uploads\/2020\/08\/ulises-en-tv-300x169.jpg 300w, https:\/\/pixiacom.com.ar\/wp-content\/uploads\/2020\/08\/ulises-en-tv-1024x576.jpg 1024w, https:\/\/pixiacom.com.ar\/wp-content\/uploads\/2020\/08\/ulises-en-tv-768x432.jpg 768w, https:\/\/pixiacom.com.ar\/wp-content\/uploads\/2020\/08\/ulises-en-tv-600x338.jpg 600w, https:\/\/pixiacom.com.ar\/wp-content\/uploads\/2020\/08\/ulises-en-tv-1080x608.jpg 1080w, https:\/\/pixiacom.com.ar\/wp-content\/uploads\/2020\/08\/ulises-en-tv.jpg 1265w\" sizes=\"(max-width: 300px) 100vw, 300px\" \/><p id=\"caption-attachment-375\" class=\"wp-caption-text\">Entrevista en Canal 9 Bah\u00eda Blanca<\/p><\/div>\n<p><span style=\"font-weight: 400;\">Contarte acerca de m\u00ed no es tarea sencilla y podr\u00eda llevarme mucho tiempo, pero lo intentar\u00e9&#8230;<\/span><\/p>\n<p><span style=\"font-weight: 400;\">Mi nombre es Ulises, padre de una hermosa hija que me llena de orgullos. Ingeniero electr\u00f3nico de profesi\u00f3n, apasionado por la tecnolog\u00eda, la aviaci\u00f3n y el estudio del universo.<\/span><\/p>\n<p><span style=\"font-weight: 400;\">Desde ni\u00f1o fui siempre muy curioso sobre el funcionamiento de las cosas, en particular de aquellas que ten\u00edan componentes electr\u00f3nicos como radios, antenas y computadoras. Viv\u00eda en el techo de mi casa instalando artilugios que me permitieran escuchar radios de otras ciudades, pues donde crec\u00ed solo exist\u00eda una emisora de FM.\u00a0<\/span><\/p>\n<p><span style=\"font-weight: 400;\">Pero todo cambi\u00f3 con mi primera computadora, con ella comenc\u00e9 a escribir l\u00edneas de software desarrollando videojuegos. Desde ese momento jam\u00e1s volv\u00ed a separarme de la programaci\u00f3n, evolucionando en conocimientos al tiempo que la tecnolog\u00eda lo hac\u00eda.<\/span><\/p>\n<p><span style=\"font-weight: 400;\">Comenc\u00e9 en los a\u00f1os 90\u00b4 instruyendome con revistas como \u201cLupin\u201d, \u201cTu micro commodore\u201d\u00a0 y lo que hab\u00eda a mano en la biblioteca de mi pueblo, para terminar una d\u00e9cada despu\u00e9s con una formaci\u00f3n universitaria en ingenier\u00eda electr\u00f3nica.<\/span><\/p>\n<p><span style=\"font-weight: 400;\">A partir de all\u00ed la vida laboral no fue como la imaginaba mientras cursaba mis estudios en la universidad, pues sent\u00eda mi creatividad innata atada de pies y manos, no me daba cuenta que la mejor manera de desarrollarla era emprendiendo. Trabaj\u00e9 en relaci\u00f3n de dependencia muchos a\u00f1os, aprend\u00ed acerca de cuestiones comerciales y a resolver otras situaciones que sin saberlo,ser\u00edan de utilidad para futuros proyectos.\u00a0<\/span><\/p>\n<p><span style=\"font-weight: 400;\">Gracias a los comentarios y devoluciones de clientes sobre mi forma de trabajar entend\u00ed que ya era tiempo de volar, de comenzar a dejar en libertad mi creatividad&#8230;y con mucha fortaleza comenc\u00e9 a darle forma a mis ideas. Bueno, en realidad tengo que agregar en esta parte un peque\u00f1o gran detalle. El \u00faltimo empuj\u00f3n para soltar me lo dio una enfermedad oncol\u00f3gica de las menos pensadas, de esas que te dejan en estado de shock y que se cruz\u00f3 en mi vida en el a\u00f1o 2013 para recordarme que el momento presente es lo \u00fanico que tenemos para llevar a cabo nuestros proyectos y deseos. Es por eso que disfruto d\u00eda a d\u00eda de mi trabajo y tengo como prop\u00f3sito ayudar a las empresas y cooperativas a simplificar sus vidas con mis servicios.<\/span><\/p>\n<p><span style=\"font-weight: 400;\">Hoy con Pixiacom en marcha me siento afortunado de que las pasiones que me impulsaron toda la vida puedan estar al servicio de otros. \u00bfde qu\u00e9 manera?<\/span><\/p>\n<p><span style=\"font-weight: 400;\">Ayudando a que las tareas de una empresa o cooperativa sean m\u00e1s eficientes, r\u00e1pidas y seguras.<\/span><\/p>\n<p><span style=\"font-weight: 400;\">Teniendo a disposici\u00f3n mis servicios de consultor\u00eda que respondan inquietudes en tecnolog\u00eda.<\/span><\/p>\n<p><span style=\"font-weight: 400;\">Brindando soluciones que se ajusten a las necesidades particulares de cada uno.<\/span><\/p>\n<p><span style=\"font-weight: 400;\">Hoy, gracias a mi curiosidad, mis a\u00f1os de experiencia y pr\u00e1ctica, conozco todo acerca del funcionamiento de las diferentes partes que componen un sistema.<\/span><\/p>\n<p><span style=\"font-weight: 400;\">Bueno, es todo por hoy, solo quer\u00eda que me conocieras mejor&#8230;<\/span><\/p>\n<p><span style=\"font-weight: 400;\">Detr\u00e1s de cada emprendedor hay una historia, la clave est\u00e1 en dejar los miedos de lado y entender que el momento es ahora.<\/span><\/p>\n<p><span style=\"font-weight: 400;\">Si te interesa conocer alguno de mis servicios estar\u00e9 encantado de poder evacuar tus dudas<\/span><\/p>\n<p><center><a class=\"btn-action\" href=\"\/index.php\/contacto\/\">Charlemos!<\/a><\/center><\/p>\n","protected":false},"excerpt":{"rendered":"<p>Contarte acerca de m\u00ed no es tarea sencilla y podr\u00eda llevarme mucho tiempo, pero lo intentar\u00e9&#8230; Mi nombre es Ulises, padre de una hermosa hija que me llena de orgullos. Ingeniero electr\u00f3nico de profesi\u00f3n, apasionado por la tecnolog\u00eda, la aviaci\u00f3n y el estudio del universo. Desde ni\u00f1o fui siempre muy curioso sobre el funcionamiento de [&hellip;]<\/p>\n","protected":false},"author":2,"featured_media":0,"parent":0,"menu_order":0,"comment_status":"closed","ping_status":"closed","template":"","meta":{"_et_pb_use_builder":"","_et_pb_old_content":""},"yoast_head":"<!-- This site is optimized with the Yoast SEO plugin v21.8.1 - https:\/\/yoast.com\/wordpress\/plugins\/seo\/ -->\n<title>Sobre M\u00ed - Pixiacom<\/title>\n<meta name=\"robots\" content=\"index, follow, max-snippet:-1, max-image-preview:large, max-video-preview:-1\" \/>\n<link rel=\"canonical\" href=\"https:\/\/pixiacom.com.ar\/index.php\/sobre-mi\/\" \/>\n<meta property=\"og:locale\" content=\"es_ES\" \/>\n<meta property=\"og:type\" content=\"article\" \/>\n<meta property=\"og:title\" content=\"Sobre M\u00ed - Pixiacom\" \/>\n<meta property=\"og:description\" content=\"Contarte acerca de m\u00ed no es tarea sencilla y podr\u00eda llevarme mucho tiempo, pero lo intentar\u00e9&#8230; Mi nombre es Ulises, padre de una hermosa hija que me llena de orgullos. Ingeniero electr\u00f3nico de profesi\u00f3n, apasionado por la tecnolog\u00eda, la aviaci\u00f3n y el estudio del universo. Desde ni\u00f1o fui siempre muy curioso sobre el funcionamiento de [&hellip;]\" \/>\n<meta property=\"og:url\" content=\"https:\/\/pixiacom.com.ar\/index.php\/sobre-mi\/\" \/>\n<meta property=\"og:site_name\" content=\"Pixiacom\" \/>\n<meta property=\"article:modified_time\" content=\"2020-08-15T00:30:37+00:00\" \/>\n<meta property=\"og:image\" content=\"https:\/\/pixiacom.com.ar\/wp-content\/uploads\/2020\/08\/ulises-en-tv.jpg\" \/>\n\t<meta property=\"og:image:width\" content=\"1265\" \/>\n\t<meta property=\"og:image:height\" content=\"712\" \/>\n\t<meta property=\"og:image:type\" content=\"image\/jpeg\" \/>\n<meta name=\"twitter:card\" content=\"summary_large_image\" \/>\n<meta name=\"twitter:label1\" content=\"Tiempo de lectura\" \/>\n\t<meta name=\"twitter:data1\" content=\"3 minutos\" \/>\n<script type=\"application\/ld+json\" class=\"yoast-schema-graph\">{\"@context\":\"https:\/\/schema.org\",\"@graph\":[{\"@type\":\"WebPage\",\"@id\":\"https:\/\/pixiacom.com.ar\/index.php\/sobre-mi\/\",\"url\":\"https:\/\/pixiacom.com.ar\/index.php\/sobre-mi\/\",\"name\":\"Sobre M\u00ed - Pixiacom\",\"isPartOf\":{\"@id\":\"https:\/\/pixiacom.com.ar\/#website\"},\"datePublished\":\"2020-08-14T23:17:16+00:00\",\"dateModified\":\"2020-08-15T00:30:37+00:00\",\"breadcrumb\":{\"@id\":\"https:\/\/pixiacom.com.ar\/index.php\/sobre-mi\/#breadcrumb\"},\"inLanguage\":\"es\",\"potentialAction\":[{\"@type\":\"ReadAction\",\"target\":[\"https:\/\/pixiacom.com.ar\/index.php\/sobre-mi\/\"]}]},{\"@type\":\"BreadcrumbList\",\"@id\":\"https:\/\/pixiacom.com.ar\/index.php\/sobre-mi\/#breadcrumb\",\"itemListElement\":[{\"@type\":\"ListItem\",\"position\":1,\"name\":\"Portada\",\"item\":\"https:\/\/pixiacom.com.ar\/\"},{\"@type\":\"ListItem\",\"position\":2,\"name\":\"Sobre M\u00ed\"}]},{\"@type\":\"WebSite\",\"@id\":\"https:\/\/pixiacom.com.ar\/#website\",\"url\":\"https:\/\/pixiacom.com.ar\/\",\"name\":\"Pixiacom\",\"description\":\"Ingenier\u00eda en Sistemas\",\"potentialAction\":[{\"@type\":\"SearchAction\",\"target\":{\"@type\":\"EntryPoint\",\"urlTemplate\":\"https:\/\/pixiacom.com.ar\/?s={search_term_string}\"},\"query-input\":\"required name=search_term_string\"}],\"inLanguage\":\"es\"}]}<\/script>\n<!-- \/ Yoast SEO plugin. -->","yoast_head_json":{"title":"Sobre M\u00ed - Pixiacom","robots":{"index":"index","follow":"follow","max-snippet":"max-snippet:-1","max-image-preview":"max-image-preview:large","max-video-preview":"max-video-preview:-1"},"canonical":"https:\/\/pixiacom.com.ar\/index.php\/sobre-mi\/","og_locale":"es_ES","og_type":"article","og_title":"Sobre M\u00ed - Pixiacom","og_description":"Contarte acerca de m\u00ed no es tarea sencilla y podr\u00eda llevarme mucho tiempo, pero lo intentar\u00e9&#8230; Mi nombre es Ulises, padre de una hermosa hija que me llena de orgullos. Ingeniero electr\u00f3nico de profesi\u00f3n, apasionado por la tecnolog\u00eda, la aviaci\u00f3n y el estudio del universo. Desde ni\u00f1o fui siempre muy curioso sobre el funcionamiento de [&hellip;]","og_url":"https:\/\/pixiacom.com.ar\/index.php\/sobre-mi\/","og_site_name":"Pixiacom","article_modified_time":"2020-08-15T00:30:37+00:00","og_image":[{"width":1265,"height":712,"url":"https:\/\/pixiacom.com.ar\/wp-content\/uploads\/2020\/08\/ulises-en-tv.jpg","type":"image\/jpeg"}],"twitter_card":"summary_large_image","twitter_misc":{"Tiempo de lectura":"3 minutos"},"schema":{"@context":"https:\/\/schema.org","@graph":[{"@type":"WebPage","@id":"https:\/\/pixiacom.com.ar\/index.php\/sobre-mi\/","url":"https:\/\/pixiacom.com.ar\/index.php\/sobre-mi\/","name":"Sobre M\u00ed - Pixiacom","isPartOf":{"@id":"https:\/\/pixiacom.com.ar\/#website"},"datePublished":"2020-08-14T23:17:16+00:00","dateModified":"2020-08-15T00:30:37+00:00","breadcrumb":{"@id":"https:\/\/pixiacom.com.ar\/index.php\/sobre-mi\/#breadcrumb"},"inLanguage":"es","potentialAction":[{"@type":"ReadAction","target":["https:\/\/pixiacom.com.ar\/index.php\/sobre-mi\/"]}]},{"@type":"BreadcrumbList","@id":"https:\/\/pixiacom.com.ar\/index.php\/sobre-mi\/#breadcrumb","itemListElement":[{"@type":"ListItem","position":1,"name":"Portada","item":"https:\/\/pixiacom.com.ar\/"},{"@type":"ListItem","position":2,"name":"Sobre M\u00ed"}]},{"@type":"WebSite","@id":"https:\/\/pixiacom.com.ar\/#website","url":"https:\/\/pixiacom.com.ar\/","name":"Pixiacom","description":"Ingenier\u00eda en Sistemas","potentialAction":[{"@type":"SearchAction","target":{"@type":"EntryPoint","urlTemplate":"https:\/\/pixiacom.com.ar\/?s={search_term_string}"},"query-input":"required name=search_term_string"}],"inLanguage":"es"}]}},"_links":{"self":[{"href":"https:\/\/pixiacom.com.ar\/index.php\/wp-json\/wp\/v2\/pages\/357"}],"collection":[{"href":"https:\/\/pixiacom.com.ar\/index.php\/wp-json\/wp\/v2\/pages"}],"about":[{"href":"https:\/\/pixiacom.com.ar\/index.php\/wp-json\/wp\/v2\/types\/page"}],"author":[{"embeddable":true,"href":"https:\/\/pixiacom.com.ar\/index.php\/wp-json\/wp\/v2\/users\/2"}],"replies":[{"embeddable":true,"href":"https:\/\/pixiacom.com.ar\/index.php\/wp-json\/wp\/v2\/comments?post=357"}],"version-history":[{"count":7,"href":"https:\/\/pixiacom.com.ar\/index.php\/wp-json\/wp\/v2\/pages\/357\/revisions"}],"predecessor-version":[{"id":378,"href":"https:\/\/pixiacom.com.ar\/index.php\/wp-json\/wp\/v2\/pages\/357\/revisions\/378"}],"wp:attachment":[{"href":"https:\/\/pixiacom.com.ar\/index.php\/wp-json\/wp\/v2\/media?parent=357"}],"curies":[{"name":"wp","href":"https:\/\/api.w.org\/{rel}","templated":true}]}}