{"id":37,"date":"2020-05-08T22:51:57","date_gmt":"2020-05-08T22:51:57","guid":{"rendered":"http:\/\/pixiacom.com.ar\/?page_id=37"},"modified":"2021-08-12T20:22:41","modified_gmt":"2021-08-12T20:22:41","slug":"consultoria","status":"publish","type":"page","link":"https:\/\/pixiacom.com.ar\/index.php\/consultoria\/","title":{"rendered":"Consultor\u00eda"},"content":{"rendered":"<p>[et_pb_section bb_built=\u00bb1&#8243; _builder_version=\u00bb3.21.1&#8243;][et_pb_row _builder_version=\u00bb3.21.1&#8243;][et_pb_column type=\u00bb4_4&#8243;][et_pb_text _builder_version=\u00bb3.21.1&#8243; text_font_size=\u00bb16px\u00bb z_index_tablet=\u00bb500&#8243;]<\/p>\n<p>Mediante Pixiacom ofrezco servicios como consultor externo para empresas p\u00fablicas o privadas, cooperativas de servicios p\u00fablicos, proveedores de servicios de internet (ISP) y agencias de desarrollo de software. Mi amplia experiencia en todos los niveles t\u00e9cnicos que conforman las telecomunicaciones por internet, permiten que yo los pueda ayudar, asesorar e incluso participar en el desarrollo de proyectos tecnol\u00f3gicos.<\/p>\n<p>[\/et_pb_text][et_pb_accordion _builder_version=\u00bb3.21.1&#8243; z_index_tablet=\u00bb500&#8243;][et_pb_accordion_item title=\u00bbIniciando&#8230;\u00bb open=\u00bbon\u00bb _builder_version=\u00bb3.21.1&#8243; title_text_shadow_horizontal_length=\u00bb0em\u00bb title_text_shadow_vertical_length=\u00bb0em\u00bb title_text_shadow_blur_strength=\u00bb0em\u00bb body_text_shadow_horizontal_length=\u00bb0em\u00bb body_text_shadow_vertical_length=\u00bb0em\u00bb body_text_shadow_blur_strength=\u00bb0em\u00bb custom_css_main_element=\u00bbdisplay:none;\u00bb]<\/p>\n<p>Your content goes here. Edit or remove this text inline or in the module Content settings. You can also style every aspect of this content in the module Design settings and even apply custom CSS to this text in the module Advanced settings.<\/p>\n<p>[\/et_pb_accordion_item][et_pb_accordion_item title=\u00bbEmpresas | Cooperativas El\u00e9ctricas y de Servicios\u00bb open=\u00bboff\u00bb _builder_version=\u00bb3.21.1&#8243; title_text_shadow_horizontal_length=\u00bb0em\u00bb title_text_shadow_vertical_length=\u00bb0em\u00bb title_text_shadow_blur_strength=\u00bb0em\u00bb body_text_shadow_horizontal_length=\u00bb0em\u00bb body_text_shadow_vertical_length=\u00bb0em\u00bb body_text_shadow_blur_strength=\u00bb0em\u00bb]<\/p>\n<ul>\n<li>An\u00e1lisis, desarrollo e implementaci\u00f3n de nuevas plataformas de software<\/li>\n<li>Administraci\u00f3n de servidores Linux<\/li>\n<li>Automatizaci\u00f3n de procesos<\/li>\n<li>Adquisici\u00f3n de equipamiento electr\u00f3nico, hardware o software<\/li>\n<\/ul>\n<p>[\/et_pb_accordion_item][et_pb_accordion_item title=\u00bbProveedores de Servicios de Internet\u00bb open=\u00bboff\u00bb _builder_version=\u00bb3.21.1&#8243; title_text_shadow_horizontal_length=\u00bb0em\u00bb title_text_shadow_vertical_length=\u00bb0em\u00bb title_text_shadow_blur_strength=\u00bb0em\u00bb body_text_shadow_horizontal_length=\u00bb0em\u00bb body_text_shadow_vertical_length=\u00bb0em\u00bb body_text_shadow_blur_strength=\u00bb0em\u00bb]<\/p>\n<ul>\n<li>C\u00e1lculos de ancho de banda<\/li>\n<li>C\u00e1lculos de enlaces inal\u00e1mbricos<\/li>\n<li>Administraci\u00f3n de servidores Linux<\/li>\n<li>Dise\u00f1o de redes IP y centros de datos<\/li>\n<li>Seguridad en redes IP y servidores Linux<\/li>\n<li>Tecnolog\u00edas de \u00faltima milla: Cable Modem, FTTH e Inal\u00e1mbricas<\/li>\n<li>Adquisici\u00f3n de equipamiento electr\u00f3nico, hardware o software<\/li>\n<\/ul>\n<p>[\/et_pb_accordion_item][et_pb_accordion_item title=\u00bbAgencias de Software\u00bb open=\u00bboff\u00bb _builder_version=\u00bb3.21.1&#8243; title_text_shadow_horizontal_length=\u00bb0em\u00bb title_text_shadow_vertical_length=\u00bb0em\u00bb title_text_shadow_blur_strength=\u00bb0em\u00bb body_text_shadow_horizontal_length=\u00bb0em\u00bb body_text_shadow_vertical_length=\u00bb0em\u00bb body_text_shadow_blur_strength=\u00bb0em\u00bb link_option_url_new_window=\u00bboff\u00bb use_background_color_gradient=\u00bboff\u00bb background_color_gradient_start=\u00bb#2b87da\u00bb background_color_gradient_end=\u00bb#29c4a9&#8243; background_color_gradient_type=\u00bblinear\u00bb background_color_gradient_direction=\u00bb180deg\u00bb background_color_gradient_direction_radial=\u00bbcenter\u00bb background_color_gradient_start_position=\u00bb0%\u00bb background_color_gradient_end_position=\u00bb100%\u00bb background_color_gradient_overlays_image=\u00bboff\u00bb parallax=\u00bboff\u00bb parallax_method=\u00bbon\u00bb background_size=\u00bbcover\u00bb background_position=\u00bbcenter\u00bb background_repeat=\u00bbno-repeat\u00bb background_blend=\u00bbnormal\u00bb allow_player_pause=\u00bboff\u00bb background_video_pause_outside_viewport=\u00bbon\u00bb text_shadow_style=\u00bbnone\u00bb box_shadow_style=\u00bbnone\u00bb hover_transition_duration=\u00bb300ms\u00bb hover_transition_delay=\u00bb0ms\u00bb hover_transition_speed_curve=\u00bbease\u00bb]<\/p>\n<ul>\n<li>Selecci\u00f3n de herramientas de software y programaci\u00f3n para proyectos<\/li>\n<li>An\u00e1lisis de seguridad, malware, troyanos y cyberdelitos<\/li>\n<li>Consultor\u00eda en contrataci\u00f3n de servicios de hosting y VPS para proyectos de alto desempe\u00f1o<\/li>\n<li>Gesti\u00f3n de paneles de control y VPS<\/li>\n<li>Desarrollos de software a medida<\/li>\n<\/ul>\n<p>[\/et_pb_accordion_item][\/et_pb_accordion][et_pb_divider _builder_version=\u00bb3.21.1&#8243;]<\/p>\n<p><\/p>\n<p>[\/et_pb_divider][et_pb_text _builder_version=\u00bb3.21.1&#8243; header_font=\u00bbPoppins||||||||\u00bb z_index_tablet=\u00bb500&#8243;]<\/p>\n<h2>Conoc\u00e9 las opiniones de quienes hacen uso de mi servicio como consultor<\/h2>\n<p>[\/et_pb_text][et_pb_team_member name=\u00bbJavier Montes\u00bb position=\u00bbGerente Cooperativa El\u00e9ctrica de Espartillar| Gerente Nodo Coop\u00bb image_url=\u00bbhttp:\/\/pixiacom.com.ar\/wp-content\/uploads\/2020\/05\/nodocoop.jpg\u00bb _builder_version=\u00bb3.21.1&#8243;]<\/p>\n<p><span>Sus servicios como consultor son de una gran ayuda en una implementaci\u00f3n r\u00e1pida y sencilla de proyectos que parecen complejos.<\/span><\/p>\n<p>[\/et_pb_team_member][et_pb_team_member name=\u00bbMatias Messa\u00bb position=\u00bbGerente Telecomunicaciones | Cooperativa El\u00e9ctrica Pig\u00fc\u00e9\u00bb image_url=\u00bbhttp:\/\/pixiacom.com.ar\/wp-content\/uploads\/2020\/05\/LOGO_CELP.png\u00bb _builder_version=\u00bb3.21.1&#8243;]<\/p>\n<p><span>Da un respaldo a las cooperativas contar con consultores con experiencia en el rubro lo que ayuda a fortificar sus servicios y la toma de decisiones.<\/span><\/p>\n<p>[\/et_pb_team_member][et_pb_team_member name=\u00bbMario Sensini\u00bb position=\u00bbPresidente |Cooperativa El\u00e9ctrica de Sierra de la Ventana\u00bb image_url=\u00bbhttp:\/\/pixiacom.com.ar\/wp-content\/uploads\/2020\/05\/coopersive.jpg\u00bb _builder_version=\u00bb3.21.1&#8243;]<\/p>\n<p><span>Tiene una gran disposici\u00f3n en evacuar cualquier consulta que le hacemos y despejar\u00a0 dudas que se presenta en el devenir diario de nuestra actividad!!!<\/span>.<\/p>\n<p>[\/et_pb_team_member][et_pb_team_member name=\u00bbFabi\u00e1n Delgado\u00bb position=\u00bbGerente |Cooperativa El\u00e9ctrica de Sierra de la Ventana\u00bb image_url=\u00bbhttp:\/\/pixiacom.com.ar\/wp-content\/uploads\/2020\/05\/coopersive.jpg\u00bb _builder_version=\u00bb3.21.1&#8243;]<\/p>\n<p><span>En el tiempo que llevamos trabajando conjuntamente, creo que sus conocimientos pueden ser de mucha utilidad para que nuestro acceso a las distintas tecnolog\u00edas de telecomunicaci\u00f3n sean m\u00e1s eficientes.<\/span><\/p>\n<p>[\/et_pb_team_member][et_pb_divider _builder_version=\u00bb3.21.1&#8243;]<\/p>\n<p><\/p>\n<p>[\/et_pb_divider][et_pb_contact_form email=\u00bbulises.nicolini@gmail.com\u00bb title=\u00bb\u00bfQuer\u00e9s mas informaci\u00f3n sobre los servicios de consultor\u00eda?\u00bb success_message=\u00bbGracias! Pronto nos pondremos en contacto con usted.\u00bb submit_button_text=\u00bbSolicitar Informaci\u00f3n\u00bb _builder_version=\u00bb3.21.1&#8243;][et_pb_contact_field field_id=\u00bbNombre\u00bb field_title=\u00bbNombre\u00bb _builder_version=\u00bb3.21.1&#8243; border_radii=\u00bbon||||\u00bb button_text_size__hover_enabled=\u00bboff\u00bb button_one_text_size__hover_enabled=\u00bboff\u00bb button_two_text_size__hover_enabled=\u00bboff\u00bb button_text_color__hover_enabled=\u00bboff\u00bb button_one_text_color__hover_enabled=\u00bboff\u00bb button_two_text_color__hover_enabled=\u00bboff\u00bb button_border_width__hover_enabled=\u00bboff\u00bb button_one_border_width__hover_enabled=\u00bboff\u00bb button_two_border_width__hover_enabled=\u00bboff\u00bb button_border_color__hover_enabled=\u00bboff\u00bb button_one_border_color__hover_enabled=\u00bboff\u00bb button_two_border_color__hover_enabled=\u00bboff\u00bb button_border_radius__hover_enabled=\u00bboff\u00bb button_one_border_radius__hover_enabled=\u00bboff\u00bb button_two_border_radius__hover_enabled=\u00bboff\u00bb button_letter_spacing__hover_enabled=\u00bboff\u00bb button_one_letter_spacing__hover_enabled=\u00bboff\u00bb button_two_letter_spacing__hover_enabled=\u00bboff\u00bb button_bg_color__hover_enabled=\u00bboff\u00bb button_one_bg_color__hover_enabled=\u00bboff\u00bb button_two_bg_color__hover_enabled=\u00bboff\u00bb][\/et_pb_contact_field][et_pb_contact_field field_id=\u00bbEmpresa\u00bb field_title=\u00bbEmpresa o instituci\u00f3n a a que representa\u00bb field_type=\u00bbradio\u00bb radio_options=\u00bb%91{%22value%22:%22Empresa%22,%22checked%22:0,%22dragID%22:-1},{%22value%22:%22Cooperativa El\u00e9ctrica o de servicios%22,%22checked%22:0,%22dragID%22:0},{%22value%22:%22Proveedor de Servicios de Internet%22,%22checked%22:0,%22dragID%22:2},{%22value%22:%22Agencia de Software%22,%22checked%22:0,%22dragID%22:1},{%22value%22:%22Agencia de Marketig Online%22,%22checked%22:0,%22dragID%22:3},{%22value%22:%22Otro%22,%22checked%22:0,%22dragID%22:4}%93&#8243; fullwidth_field=\u00bbon\u00bb _builder_version=\u00bb3.21.1&#8243;][\/et_pb_contact_field][et_pb_contact_field field_id=\u00bbEmail\u00bb field_title=\u00bbDirecci\u00f3n de correo electr\u00f3nico\u00bb field_type=\u00bbemail\u00bb _builder_version=\u00bb3.16&#8243; border_radii=\u00bbon||||\u00bb button_text_size__hover_enabled=\u00bboff\u00bb button_one_text_size__hover_enabled=\u00bboff\u00bb button_two_text_size__hover_enabled=\u00bboff\u00bb button_text_color__hover_enabled=\u00bboff\u00bb button_one_text_color__hover_enabled=\u00bboff\u00bb button_two_text_color__hover_enabled=\u00bboff\u00bb button_border_width__hover_enabled=\u00bboff\u00bb button_one_border_width__hover_enabled=\u00bboff\u00bb button_two_border_width__hover_enabled=\u00bboff\u00bb button_border_color__hover_enabled=\u00bboff\u00bb button_one_border_color__hover_enabled=\u00bboff\u00bb button_two_border_color__hover_enabled=\u00bboff\u00bb button_border_radius__hover_enabled=\u00bboff\u00bb button_one_border_radius__hover_enabled=\u00bboff\u00bb button_two_border_radius__hover_enabled=\u00bboff\u00bb button_letter_spacing__hover_enabled=\u00bboff\u00bb button_one_letter_spacing__hover_enabled=\u00bboff\u00bb button_two_letter_spacing__hover_enabled=\u00bboff\u00bb button_bg_color__hover_enabled=\u00bboff\u00bb button_one_bg_color__hover_enabled=\u00bboff\u00bb button_two_bg_color__hover_enabled=\u00bboff\u00bb][\/et_pb_contact_field][et_pb_contact_field field_id=\u00bbTelefono\u00bb field_title=\u00bbTel\u00e9fono\u00bb required_mark=\u00bboff\u00bb fullwidth_field=\u00bbon\u00bb _builder_version=\u00bb3.21.1&#8243;][\/et_pb_contact_field][et_pb_contact_field field_id=\u00bbMessage\u00bb field_title=\u00bbMensaje\u00bb field_type=\u00bbtext\u00bb fullwidth_field=\u00bbon\u00bb _builder_version=\u00bb3.16&#8243; border_radii=\u00bbon||||\u00bb button_text_size__hover_enabled=\u00bboff\u00bb button_one_text_size__hover_enabled=\u00bboff\u00bb button_two_text_size__hover_enabled=\u00bboff\u00bb button_text_color__hover_enabled=\u00bboff\u00bb button_one_text_color__hover_enabled=\u00bboff\u00bb button_two_text_color__hover_enabled=\u00bboff\u00bb button_border_width__hover_enabled=\u00bboff\u00bb button_one_border_width__hover_enabled=\u00bboff\u00bb button_two_border_width__hover_enabled=\u00bboff\u00bb button_border_color__hover_enabled=\u00bboff\u00bb button_one_border_color__hover_enabled=\u00bboff\u00bb button_two_border_color__hover_enabled=\u00bboff\u00bb button_border_radius__hover_enabled=\u00bboff\u00bb button_one_border_radius__hover_enabled=\u00bboff\u00bb button_two_border_radius__hover_enabled=\u00bboff\u00bb button_letter_spacing__hover_enabled=\u00bboff\u00bb button_one_letter_spacing__hover_enabled=\u00bboff\u00bb button_two_letter_spacing__hover_enabled=\u00bboff\u00bb button_bg_color__hover_enabled=\u00bboff\u00bb button_one_bg_color__hover_enabled=\u00bboff\u00bb button_two_bg_color__hover_enabled=\u00bboff\u00bb][\/et_pb_contact_field][\/et_pb_contact_form][\/et_pb_column][\/et_pb_row][\/et_pb_section]<\/p>\n","protected":false},"excerpt":{"rendered":"<p>[et_pb_section bb_built=\u00bb1&#8243; _builder_version=\u00bb3.21.1&#8243;][et_pb_row _builder_version=\u00bb3.21.1&#8243;][et_pb_column type=\u00bb4_4&#8243;][et_pb_text _builder_version=\u00bb3.21.1&#8243; text_font_size=\u00bb16px\u00bb z_index_tablet=\u00bb500&#8243;] Mediante Pixiacom ofrezco servicios como consultor externo para empresas p\u00fablicas o privadas, cooperativas de servicios p\u00fablicos, proveedores de servicios de internet (ISP) y agencias de desarrollo de software. Mi amplia experiencia en todos los niveles t\u00e9cnicos que conforman las telecomunicaciones por internet, permiten que yo los pueda [&hellip;]<\/p>\n","protected":false},"author":2,"featured_media":0,"parent":0,"menu_order":0,"comment_status":"closed","ping_status":"closed","template":"","meta":{"_et_pb_use_builder":"on","_et_pb_old_content":""},"yoast_head":"<!-- This site is optimized with the Yoast SEO plugin v21.8.1 - https:\/\/yoast.com\/wordpress\/plugins\/seo\/ -->\n<title>Consultor\u00eda - Pixiacom<\/title>\n<meta name=\"robots\" content=\"index, follow, max-snippet:-1, max-image-preview:large, max-video-preview:-1\" \/>\n<link rel=\"canonical\" href=\"https:\/\/pixiacom.com.ar\/index.php\/consultoria\/\" \/>\n<meta property=\"og:locale\" content=\"es_ES\" \/>\n<meta property=\"og:type\" content=\"article\" \/>\n<meta property=\"og:title\" content=\"Consultor\u00eda - Pixiacom\" \/>\n<meta property=\"og:description\" content=\"[et_pb_section bb_built=\u00bb1&#8243; _builder_version=\u00bb3.21.1&#8243;][et_pb_row _builder_version=\u00bb3.21.1&#8243;][et_pb_column type=\u00bb4_4&#8243;][et_pb_text _builder_version=\u00bb3.21.1&#8243; text_font_size=\u00bb16px\u00bb z_index_tablet=\u00bb500&#8243;] Mediante Pixiacom ofrezco servicios como consultor externo para empresas p\u00fablicas o privadas, cooperativas de servicios p\u00fablicos, proveedores de servicios de internet (ISP) y agencias de desarrollo de software. Mi amplia experiencia en todos los niveles t\u00e9cnicos que conforman las telecomunicaciones por internet, permiten que yo los pueda [&hellip;]\" \/>\n<meta property=\"og:url\" content=\"https:\/\/pixiacom.com.ar\/index.php\/consultoria\/\" \/>\n<meta property=\"og:site_name\" content=\"Pixiacom\" \/>\n<meta property=\"article:modified_time\" content=\"2021-08-12T20:22:41+00:00\" \/>\n<meta name=\"twitter:card\" content=\"summary_large_image\" \/>\n<meta name=\"twitter:label1\" content=\"Tiempo de lectura\" \/>\n\t<meta name=\"twitter:data1\" content=\"8 minutos\" \/>\n<script type=\"application\/ld+json\" class=\"yoast-schema-graph\">{\"@context\":\"https:\/\/schema.org\",\"@graph\":[{\"@type\":\"WebPage\",\"@id\":\"https:\/\/pixiacom.com.ar\/index.php\/consultoria\/\",\"url\":\"https:\/\/pixiacom.com.ar\/index.php\/consultoria\/\",\"name\":\"Consultor\u00eda - Pixiacom\",\"isPartOf\":{\"@id\":\"https:\/\/pixiacom.com.ar\/#website\"},\"datePublished\":\"2020-05-08T22:51:57+00:00\",\"dateModified\":\"2021-08-12T20:22:41+00:00\",\"breadcrumb\":{\"@id\":\"https:\/\/pixiacom.com.ar\/index.php\/consultoria\/#breadcrumb\"},\"inLanguage\":\"es\",\"potentialAction\":[{\"@type\":\"ReadAction\",\"target\":[\"https:\/\/pixiacom.com.ar\/index.php\/consultoria\/\"]}]},{\"@type\":\"BreadcrumbList\",\"@id\":\"https:\/\/pixiacom.com.ar\/index.php\/consultoria\/#breadcrumb\",\"itemListElement\":[{\"@type\":\"ListItem\",\"position\":1,\"name\":\"Portada\",\"item\":\"https:\/\/pixiacom.com.ar\/\"},{\"@type\":\"ListItem\",\"position\":2,\"name\":\"Consultor\u00eda\"}]},{\"@type\":\"WebSite\",\"@id\":\"https:\/\/pixiacom.com.ar\/#website\",\"url\":\"https:\/\/pixiacom.com.ar\/\",\"name\":\"Pixiacom\",\"description\":\"Ingenier\u00eda en Sistemas\",\"potentialAction\":[{\"@type\":\"SearchAction\",\"target\":{\"@type\":\"EntryPoint\",\"urlTemplate\":\"https:\/\/pixiacom.com.ar\/?s={search_term_string}\"},\"query-input\":\"required name=search_term_string\"}],\"inLanguage\":\"es\"}]}<\/script>\n<!-- \/ Yoast SEO plugin. -->","yoast_head_json":{"title":"Consultor\u00eda - Pixiacom","robots":{"index":"index","follow":"follow","max-snippet":"max-snippet:-1","max-image-preview":"max-image-preview:large","max-video-preview":"max-video-preview:-1"},"canonical":"https:\/\/pixiacom.com.ar\/index.php\/consultoria\/","og_locale":"es_ES","og_type":"article","og_title":"Consultor\u00eda - Pixiacom","og_description":"[et_pb_section bb_built=\u00bb1&#8243; _builder_version=\u00bb3.21.1&#8243;][et_pb_row _builder_version=\u00bb3.21.1&#8243;][et_pb_column type=\u00bb4_4&#8243;][et_pb_text _builder_version=\u00bb3.21.1&#8243; text_font_size=\u00bb16px\u00bb z_index_tablet=\u00bb500&#8243;] Mediante Pixiacom ofrezco servicios como consultor externo para empresas p\u00fablicas o privadas, cooperativas de servicios p\u00fablicos, proveedores de servicios de internet (ISP) y agencias de desarrollo de software. Mi amplia experiencia en todos los niveles t\u00e9cnicos que conforman las telecomunicaciones por internet, permiten que yo los pueda [&hellip;]","og_url":"https:\/\/pixiacom.com.ar\/index.php\/consultoria\/","og_site_name":"Pixiacom","article_modified_time":"2021-08-12T20:22:41+00:00","twitter_card":"summary_large_image","twitter_misc":{"Tiempo de lectura":"8 minutos"},"schema":{"@context":"https:\/\/schema.org","@graph":[{"@type":"WebPage","@id":"https:\/\/pixiacom.com.ar\/index.php\/consultoria\/","url":"https:\/\/pixiacom.com.ar\/index.php\/consultoria\/","name":"Consultor\u00eda - Pixiacom","isPartOf":{"@id":"https:\/\/pixiacom.com.ar\/#website"},"datePublished":"2020-05-08T22:51:57+00:00","dateModified":"2021-08-12T20:22:41+00:00","breadcrumb":{"@id":"https:\/\/pixiacom.com.ar\/index.php\/consultoria\/#breadcrumb"},"inLanguage":"es","potentialAction":[{"@type":"ReadAction","target":["https:\/\/pixiacom.com.ar\/index.php\/consultoria\/"]}]},{"@type":"BreadcrumbList","@id":"https:\/\/pixiacom.com.ar\/index.php\/consultoria\/#breadcrumb","itemListElement":[{"@type":"ListItem","position":1,"name":"Portada","item":"https:\/\/pixiacom.com.ar\/"},{"@type":"ListItem","position":2,"name":"Consultor\u00eda"}]},{"@type":"WebSite","@id":"https:\/\/pixiacom.com.ar\/#website","url":"https:\/\/pixiacom.com.ar\/","name":"Pixiacom","description":"Ingenier\u00eda en Sistemas","potentialAction":[{"@type":"SearchAction","target":{"@type":"EntryPoint","urlTemplate":"https:\/\/pixiacom.com.ar\/?s={search_term_string}"},"query-input":"required name=search_term_string"}],"inLanguage":"es"}]}},"_links":{"self":[{"href":"https:\/\/pixiacom.com.ar\/index.php\/wp-json\/wp\/v2\/pages\/37"}],"collection":[{"href":"https:\/\/pixiacom.com.ar\/index.php\/wp-json\/wp\/v2\/pages"}],"about":[{"href":"https:\/\/pixiacom.com.ar\/index.php\/wp-json\/wp\/v2\/types\/page"}],"author":[{"embeddable":true,"href":"https:\/\/pixiacom.com.ar\/index.php\/wp-json\/wp\/v2\/users\/2"}],"replies":[{"embeddable":true,"href":"https:\/\/pixiacom.com.ar\/index.php\/wp-json\/wp\/v2\/comments?post=37"}],"version-history":[{"count":16,"href":"https:\/\/pixiacom.com.ar\/index.php\/wp-json\/wp\/v2\/pages\/37\/revisions"}],"predecessor-version":[{"id":547,"href":"https:\/\/pixiacom.com.ar\/index.php\/wp-json\/wp\/v2\/pages\/37\/revisions\/547"}],"wp:attachment":[{"href":"https:\/\/pixiacom.com.ar\/index.php\/wp-json\/wp\/v2\/media?parent=37"}],"curies":[{"name":"wp","href":"https:\/\/api.w.org\/{rel}","templated":true}]}}