{"id":482,"date":"2021-01-02T22:18:33","date_gmt":"2021-01-02T22:18:33","guid":{"rendered":"https:\/\/pixiacom.com.ar\/?page_id=482"},"modified":"2025-05-02T14:13:21","modified_gmt":"2025-05-02T14:13:21","slug":"toma-de-estados","status":"publish","type":"page","link":"https:\/\/pixiacom.com.ar\/index.php\/toma-de-estados\/","title":{"rendered":"Toma de estados"},"content":{"rendered":"<p>[et_pb_section bb_built=\u00bb1&#8243; _builder_version=\u00bb3.0.47&#8243;][et_pb_row border_radii=\u00bbon|1px|1px|1px|1px\u00bb _builder_version=\u00bb3.21.1&#8243; border_color_all=\u00bb#222222&#8243;][et_pb_column type=\u00bb4_4&#8243;][et_pb_text hover_enabled=\u00bb0&#8243; text_font_size=\u00bb33px\u00bb _builder_version=\u00bb3.21.1&#8243; text_font=\u00bbPoppins||||||||\u00bb text_font_size_last_edited=\u00bbon|tablet\u00bb text_font_size_phone=\u00bb21px\u00bb]<\/p>\n<p><strong><span>Lectura de Medidores<\/span> <span>Domiciliarios<\/span><\/strong><\/p>\n<p>[\/et_pb_text][\/et_pb_column][\/et_pb_row][et_pb_row _builder_version=\u00bb3.0.48&#8243; background_size=\u00bbinitial\u00bb background_position=\u00bbtop_left\u00bb background_repeat=\u00bbrepeat\u00bb][et_pb_column type=\u00bb4_4&#8243;][et_pb_text _builder_version=\u00bb3.21.1&#8243; text_font_size=\u00bb16px\u00bb z_index_tablet=\u00bb500&#8243;]<\/p>\n<p>Muchos de mis clientes consultaron por el sistema Quo sabiendo lo laborioso que resulta tomar los estados de los <strong>medidores domiciliarios<\/strong> de <strong>energ\u00eda el\u00e9ctrica<\/strong> o <strong>agua potable<\/strong> de manera manual usando l\u00e1piz y papel. Incluso las consultas llegan a mi, con preocupaciones sobre el alto grado de error humano que implica este m\u00e9todo, y lo susceptible que es respecto a posibles fraudes.<\/p>\n<p>Otra preocupaci\u00f3n recurrente es el costo de los equipos de hardware implicados en automatizar estas tareas utilizando software. Por eso en pixiacom desarrollamos <strong>Quo<\/strong>, un sistema de software h\u00edbrido de toma de estados para servicios de energ\u00eda el\u00e9ctrica y agua potable que aprovecha la tecnolog\u00eda de los smartphones para realizar esta tarea. \u00bfPor qu\u00e9 hibrido?. Porque Quo utiliza tanto tecnolog\u00edas en la nube para realizar el procesamiento de la informaci\u00f3n como tecnolog\u00edas fuera de l\u00ednea, que permite realizar la toma de estados en aquellos lugares donde el operador no dispone de acceso a internet, como pueden ser zonas sub urbanas o rurales.<\/p>\n<p><strong>Quo<\/strong> fue pensado espacialmente para <strong>Cooperativas de Servicios P\u00fablicos<\/strong> que necesitan agilizar los tiempos de la toma de estados de los medidores de sus asociados, de manera de tomar lecturas confiables que agilicen el proceso de facturaci\u00f3n y minimice los reclamos por parte de los consumidores debido a montos incorrectos por falla en el procedimiento de toma de lecturas.<\/p>\n<p>&nbsp;<\/p>\n<p>[\/et_pb_text][\/et_pb_column][\/et_pb_row][et_pb_row _builder_version=\u00bb3.0.48&#8243; background_size=\u00bbinitial\u00bb background_position=\u00bbtop_left\u00bb background_repeat=\u00bbrepeat\u00bb][et_pb_column type=\u00bb1_3&#8243;][et_pb_image src=\u00bbhttps:\/\/pixiacom.com.ar\/wp-content\/uploads\/2021\/01\/pantalla-principal.jpg\u00bb _builder_version=\u00bb3.21.1&#8243; max_width=\u00bb75%\u00bb module_alignment=\u00bbcenter\u00bb z_index_tablet=\u00bb500&#8243;]<\/p>\n<p>[\/et_pb_image][\/et_pb_column][et_pb_column type=\u00bb2_3&#8243;][et_pb_text _builder_version=\u00bb3.21.1&#8243; text_font_size=\u00bb16px\u00bb z_index_tablet=\u00bb500&#8243;]<\/p>\n<p><strong>\u00bfQu\u00e9 hace por vos el sistema Quo?<\/strong><\/p>\n<ul>\n<li>Organiza el proceso de toma de estados.<\/li>\n<li>Optimiza los tiempos de los recorridos.<\/li>\n<li>Asigna recorridos a los lecturistas.<\/li>\n<li>Permite evaluar en tiempo real el avance del proceso de toma de estados de cada recorrido.<\/li>\n<li>Ofrece un alto grado de trazabilidad sobre el proceso de toma de estados evitando fraudes.<\/li>\n<li>Registra consumos fuera de rango.<\/li>\n<li>Emite reportes totales o parciales.<\/li>\n<li>Permite a los lecturistas realizar un trabajo prolijo y ordenado.<\/li>\n<li>Utiliza la tecnolog\u00eda GPS para saber en que posici\u00f3n fue tomada cada lectura.<\/li>\n<li>Brinda al lecturista informaci\u00f3n en pantalla para ubicar el medidor con informaci\u00f3n sobre el titular del mismo, lo que le permite ubicarse con mayor facilidad.<\/li>\n<li>Permite que el lecturista deje observaciones registradas sobre medidores dudosos, en mal estado o cualquier anomalidad que deba ser registrada.<\/li>\n<li>Guarda las lecturas en la nube y en la memoria local del tel\u00e9fono al mismo tiempo, de manera de minimizar la posibilidad de p\u00e9rdida de informaci\u00f3n.<\/li>\n<\/ul>\n<p>[\/et_pb_text][\/et_pb_column][\/et_pb_row][et_pb_row _builder_version=\u00bb3.0.48&#8243; background_size=\u00bbinitial\u00bb background_position=\u00bbtop_left\u00bb background_repeat=\u00bbrepeat\u00bb][et_pb_column type=\u00bb1_3&#8243;][et_pb_image src=\u00bbhttps:\/\/pixiacom.com.ar\/wp-content\/uploads\/2021\/01\/pantalla-medidores.jpg\u00bb align=\u00bbcenter\u00bb _builder_version=\u00bb3.21.1&#8243; max_width=\u00bb75%\u00bb z_index_tablet=\u00bb500&#8243;]<\/p>\n<p>[\/et_pb_image][\/et_pb_column][et_pb_column type=\u00bb2_3&#8243;][et_pb_text _builder_version=\u00bb3.21.1&#8243; text_font_size=\u00bb16px\u00bb z_index_tablet=\u00bb500&#8243;]<\/p>\n<p><strong>\u00bfQu\u00e9 ganas utilizando Quo?<\/strong><\/p>\n<ul>\n<li>Disminuye el tiempo en el proceso de toma de estados.<\/li>\n<li>Evitas en gran medida el error humano.<\/li>\n<li>Evitas fraudes.<\/li>\n<li>Tenes a disposici\u00f3n trazabilidad sobre todo el proceso.<\/li>\n<li>Reduc\u00eds\u00a0 los tiempos de facturaci\u00f3n.<\/li>\n<li>Distribu\u00eds las tareas de toma de estados entre varias personas agilizando tiempos.<\/li>\n<li>Evitas reclamos de socios o abonados por lecturas incorrectas.<\/li>\n<li>Reduc\u00eds los problemas administrativos que generan facturas con lecturas incorrectas.<\/li>\n<\/ul>\n<p>[\/et_pb_text][\/et_pb_column][\/et_pb_row][et_pb_row _builder_version=\u00bb3.0.48&#8243; background_size=\u00bbinitial\u00bb background_position=\u00bbtop_left\u00bb background_repeat=\u00bbrepeat\u00bb][et_pb_column type=\u00bb1_3&#8243;][et_pb_image src=\u00bbhttps:\/\/pixiacom.com.ar\/wp-content\/uploads\/2025\/05\/quo-remote-1.jpg\u00bb align=\u00bbcenter\u00bb _builder_version=\u00bb3.21.1&#8243; max_width=\u00bb75%\u00bb z_index_tablet=\u00bb500&#8243;]<\/p>\n<p>[\/et_pb_image][\/et_pb_column][et_pb_column type=\u00bb2_3&#8243;][et_pb_text _builder_version=\u00bb3.21.1&#8243; text_font_size=\u00bb16px\u00bb z_index_tablet=\u00bb500&#8243;]<\/p>\n<p><strong>Telemedici\u00f3n<\/strong><\/p>\n<p>Quo Toma Estados cuenta con un potente <strong>m\u00f3dulo de telemedici\u00f3n<\/strong> de energ\u00eda el\u00e9ctrica, que permite conectar los novedosos dispositivos QUO REMOTE a la nube de Quo Toma Estados automatizado totalmente los procesos. QUO REMOTE es un dispositivo electr\u00f3nico de fabricaci\u00f3n propia que permite <strong>transformar medidores digitales convencionales en medidores inteligentes<\/strong> .<\/p>\n<p>[\/et_pb_text][et_pb_button admin_label=\u00bbBot\u00f3n a quoenergy\u00bb _builder_version=\u00bb3.21.1&#8243; button_text=\u00bbConoce mas sobre telemedici\u00f3n!\u00bb button_url=\u00bbhttps:\/\/quoenergy.com.ar\/\u00bb url_new_window=\u00bbon\u00bb z_index_tablet=\u00bb500&#8243; \/][\/et_pb_column][\/et_pb_row][et_pb_row _builder_version=\u00bb3.0.48&#8243; background_size=\u00bbinitial\u00bb background_position=\u00bbtop_left\u00bb background_repeat=\u00bbrepeat\u00bb][et_pb_column type=\u00bb4_4&#8243;][et_pb_divider _builder_version=\u00bb3.21.1&#8243; z_index_tablet=\u00bb500&#8243;]<\/p>\n<p>[\/et_pb_divider][et_pb_text admin_label=\u00bb\u00bfC\u00f3mo funciona? I\u00bb _builder_version=\u00bb3.21.1&#8243; text_font_size=\u00bb16px\u00bb z_index_tablet=\u00bb500&#8243;]<\/p>\n<p><strong>\u00bfC\u00f3mo funciona Quo?<\/strong><\/p>\n<p>El sistema Quo consta de dos componentes principales. <strong>Quo Panel<\/strong> es un software online que se ejecuta en un servidor \u00aben la nube\u00bb. Desde Quo panel se pueden importar las rutas o libros disponibles en tu software de gesti\u00f3n comercial, donde se indica la secuencia en la que deben ser tomadas las lecturas entre otra informaci\u00f3n que pondremos a tu disposici\u00f3n. Adicionalmente permite asignar recorridos con uno o mas servicios a diferentes dispositivos (smartphones).<\/p>\n<p>[\/et_pb_text][et_pb_image src=\u00bbhttps:\/\/pixiacom.com.ar\/wp-content\/uploads\/2021\/01\/quo-panel-progreso-misiones.jpg\u00bb align=\u00bbcenter\u00bb _builder_version=\u00bb3.21.1&#8243; z_index_tablet=\u00bb500&#8243;]<\/p>\n<p>[\/et_pb_image][et_pb_text admin_label=\u00bb\u00bfC\u00f3mo Funciona? Quo App\u00bb _builder_version=\u00bb3.21.1&#8243; text_font_size=\u00bb16px\u00bb z_index_tablet=\u00bb500&#8243;]<\/p>\n<p>El otro componente del sistema Quo es<strong> Quo App<\/strong>, el cual est\u00e1 compuesto principalmente por la aplicaci\u00f3n que se instala en cada smartphone que se ponga a disposici\u00f3n para realizar la tarea de toma de estados. <strong>Quo App<\/strong> se encarga de obtener desde la plataforma Quo Panel los recorridos que le fueron asignados, adem\u00e1s de guiar al lecturista en la secuencia con que deben ser tomados los estados de los medidores.<\/p>\n<p><strong>Quo App<\/strong> ofrece una interface simple y amena para ingresar el estado de cada medidor, registrando el valor en su memoria para luego indicar cual es el pr\u00f3ximo punto del recorrido asignado.<\/p>\n<p>Una vez terminado el proceso de toma de estados en la calle, <strong>Quo App<\/strong> env\u00eda\u00a0 los valores registrados a Quo Panel, donde pueden ser analizados y exportados para ser ingresados en su sistema de gesti\u00f3n comercial y proceder con la facturaci\u00f3n.<\/p>\n<p>[\/et_pb_text][et_pb_image src=\u00bbhttps:\/\/pixiacom.com.ar\/wp-content\/uploads\/2021\/01\/pantalla-lectura.jpg\u00bb align=\u00bbcenter\u00bb _builder_version=\u00bb3.21.1&#8243; max_width=\u00bb75%\u00bb module_alignment=\u00bbcenter\u00bb z_index_tablet=\u00bb500&#8243;]<\/p>\n<p>[\/et_pb_image][et_pb_text _builder_version=\u00bb3.21.1&#8243; text_font_size=\u00bb16px\u00bb z_index_tablet=\u00bb500&#8243;]<\/p>\n<p><strong>Personalizaci\u00f3n<\/strong><\/p>\n<p>El sistema Quo puede ofrece un cierto grado de personalizaci\u00f3n, lo cual permite modificar sus caracter\u00edsticas de manera que se ajuste a las metodolog\u00edas de trabajo de tu empresa o cooperativas de servicio. Ponemos a disposici\u00f3n de su desarrollador los m\u00e9todos y formatos de intercambio de informaci\u00f3n, para que el desarrollador de su sistema de gesti\u00f3n pueda integrarse a la plataforma Quo.<\/p>\n<p>[\/et_pb_text][et_pb_text admin_label=\u00bbTestimonios\u00bb _builder_version=\u00bb3.21.1&#8243; z_index_tablet=\u00bb500&#8243;]<\/p>\n<h3>Testimonios<\/h3>\n<p>[\/et_pb_text][et_pb_team_member _builder_version=\u00bb3.21.1&#8243; image_url=\u00bbhttps:\/\/pixiacom.com.ar\/wp-content\/uploads\/2022\/04\/iso-logo-nuevo-cels.png\u00bb z_index_tablet=\u00bb500&#8243; body_font_size=\u00bb16&#8243; name=\u00bbEdgardo\u00bb position=\u00bbAdministraci\u00f3n | Cooperativa El\u00e9ctrica de Saldungaray\u00bb]<\/p>\n<p>El sistema Quo Toma Estado nos ha resuelto varios temas, lo fundamental es que los tomas estados en papel desaparecieron, solucionando uno de los problemas de interpretar los n\u00fameros de cada uno de los empleados, en la parte administrativa no se carga mas manual lo que llevaba mucho tiempo, el personal de toma estado se simplifico con los celulares no teniendo que andar con muchas planillas, con esto se redujo mucho el tiempo, es un programa de manejo f\u00e1cil y que se le pueden agregar o modificar datos dependiendo de la forma de trabajo de cada Cooperativa. Por ahora no tendr\u00edamos que modificar nada. Y lo mas importante es la atenci\u00f3n r\u00e1pida del programador ante cualquier duda o problema.<\/p>\n<p>[\/et_pb_team_member][\/et_pb_column][\/et_pb_row][et_pb_row _builder_version=\u00bb3.0.48&#8243; background_size=\u00bbinitial\u00bb background_position=\u00bbtop_left\u00bb background_repeat=\u00bbrepeat\u00bb][et_pb_column type=\u00bb1_2&#8243;][et_pb_text _builder_version=\u00bb3.21.1&#8243; text_font_size=\u00bb16px\u00bb z_index_tablet=\u00bb500&#8243;]<\/p>\n<h2>Solicita informaci\u00f3n<\/h2>\n<p>\u00bfTe interesa poner en marcha Quo Toma Estados en tu Cooperativa o Empresa de Servicios P\u00fablicos? Charlemos! Completa el formulario y me pondr\u00e9 en contacto con vos para poder conocer mas sobre tus necesidades y ayudarte en el proceso de puesta en marcha.<\/p>\n<p>[\/et_pb_text][\/et_pb_column][et_pb_column type=\u00bb1_2&#8243;][et_pb_code admin_label=\u00bbFormulario de Contacto\u00bb _builder_version=\u00bb3.21.1&#8243; z_index_tablet=\u00bb500&#8243;]\n<div class=\"wpcf7 no-js\" id=\"wpcf7-f549-o1\" lang=\"es-ES\" dir=\"ltr\">\n<div class=\"screen-reader-response\"><p role=\"status\" aria-live=\"polite\" aria-atomic=\"true\"><\/p> <ul><\/ul><\/div>\n<form action=\"\/index.php\/wp-json\/wp\/v2\/pages\/482#wpcf7-f549-o1\" method=\"post\" class=\"wpcf7-form init\" aria-label=\"Formulario de contacto\" novalidate=\"novalidate\" data-status=\"init\">\n<div style=\"display: none;\">\n<input type=\"hidden\" name=\"_wpcf7\" value=\"549\" \/>\n<input type=\"hidden\" name=\"_wpcf7_version\" value=\"5.8.7\" \/>\n<input type=\"hidden\" name=\"_wpcf7_locale\" value=\"es_ES\" \/>\n<input type=\"hidden\" name=\"_wpcf7_unit_tag\" value=\"wpcf7-f549-o1\" \/>\n<input type=\"hidden\" name=\"_wpcf7_container_post\" value=\"0\" \/>\n<input type=\"hidden\" name=\"_wpcf7_posted_data_hash\" value=\"\" \/>\n<input type=\"hidden\" name=\"_wpcf7_recaptcha_response\" value=\"\" \/>\n<\/div>\n<p><label> Tu nombre<br \/>\n<span class=\"wpcf7-form-control-wrap\" data-name=\"your-name\"><input size=\"40\" class=\"wpcf7-form-control wpcf7-text wpcf7-validates-as-required\" aria-required=\"true\" aria-invalid=\"false\" value=\"\" type=\"text\" name=\"your-name\" \/><\/span> <\/label>\n<\/p>\n<p><label> Empresa o Cooperativa<br \/>\n<span class=\"wpcf7-form-control-wrap\" data-name=\"empresa\"><input size=\"40\" class=\"wpcf7-form-control wpcf7-text\" aria-invalid=\"false\" value=\"\" type=\"text\" name=\"empresa\" \/><\/span> <\/label>\n<\/p>\n<p><label> Tel\u00e9fono<br \/>\n<span class=\"wpcf7-form-control-wrap\" data-name=\"telefono\"><input size=\"40\" class=\"wpcf7-form-control wpcf7-text\" aria-invalid=\"false\" value=\"\" type=\"text\" name=\"telefono\" \/><\/span> <\/label>\n<\/p>\n<p><label> Tu correo electr\u00f3nico<br \/>\n<span class=\"wpcf7-form-control-wrap\" data-name=\"your-email\"><input size=\"40\" class=\"wpcf7-form-control wpcf7-email wpcf7-validates-as-required wpcf7-text wpcf7-validates-as-email\" aria-required=\"true\" aria-invalid=\"false\" value=\"\" type=\"email\" name=\"your-email\" \/><\/span> <\/label>\n<\/p>\n<p><label> Mensaje (opcional)<br \/>\n<span class=\"wpcf7-form-control-wrap\" data-name=\"your-message\"><textarea cols=\"40\" rows=\"10\" class=\"wpcf7-form-control wpcf7-textarea\" aria-invalid=\"false\" name=\"your-message\"><\/textarea><\/span> <\/label>\n<\/p>\n<p><input class=\"wpcf7-form-control wpcf7-submit has-spinner\" type=\"submit\" value=\"Enviar\" \/>\n<\/p><div class=\"wpcf7-response-output\" aria-hidden=\"true\"><\/div>\n<\/form>\n<\/div>\n[\/et_pb_code][\/et_pb_column][\/et_pb_row][\/et_pb_section]<\/p>\n","protected":false},"excerpt":{"rendered":"<p>[et_pb_section bb_built=\u00bb1&#8243; _builder_version=\u00bb3.0.47&#8243;][et_pb_row border_radii=\u00bbon|1px|1px|1px|1px\u00bb _builder_version=\u00bb3.21.1&#8243; border_color_all=\u00bb#222222&#8243;][et_pb_column type=\u00bb4_4&#8243;][et_pb_text hover_enabled=\u00bb0&#8243; text_font_size=\u00bb33px\u00bb _builder_version=\u00bb3.21.1&#8243; text_font=\u00bbPoppins||||||||\u00bb text_font_size_last_edited=\u00bbon|tablet\u00bb text_font_size_phone=\u00bb21px\u00bb] Lectura de Medidores Domiciliarios [\/et_pb_text][\/et_pb_column][\/et_pb_row][et_pb_row _builder_version=\u00bb3.0.48&#8243; background_size=\u00bbinitial\u00bb background_position=\u00bbtop_left\u00bb background_repeat=\u00bbrepeat\u00bb][et_pb_column type=\u00bb4_4&#8243;][et_pb_text _builder_version=\u00bb3.21.1&#8243; text_font_size=\u00bb16px\u00bb z_index_tablet=\u00bb500&#8243;] Muchos de mis clientes consultaron por el sistema Quo sabiendo lo laborioso que resulta tomar los estados de los medidores domiciliarios de energ\u00eda el\u00e9ctrica o agua potable de manera [&hellip;]<\/p>\n","protected":false},"author":2,"featured_media":0,"parent":0,"menu_order":0,"comment_status":"closed","ping_status":"closed","template":"","meta":{"_et_pb_use_builder":"on","_et_pb_old_content":""},"yoast_head":"<!-- This site is optimized with the Yoast SEO plugin v21.8.1 - https:\/\/yoast.com\/wordpress\/plugins\/seo\/ -->\n<title>Toma de estados - Pixiacom<\/title>\n<meta name=\"robots\" content=\"index, follow, max-snippet:-1, max-image-preview:large, max-video-preview:-1\" \/>\n<link rel=\"canonical\" href=\"https:\/\/pixiacom.com.ar\/index.php\/toma-de-estados\/\" \/>\n<meta property=\"og:locale\" content=\"es_ES\" \/>\n<meta property=\"og:type\" content=\"article\" \/>\n<meta property=\"og:title\" content=\"Toma de estados - Pixiacom\" \/>\n<meta property=\"og:description\" content=\"[et_pb_section bb_built=\u00bb1&#8243; _builder_version=\u00bb3.0.47&#8243;][et_pb_row border_radii=\u00bbon|1px|1px|1px|1px\u00bb _builder_version=\u00bb3.21.1&#8243; border_color_all=\u00bb#222222&#8243;][et_pb_column type=\u00bb4_4&#8243;][et_pb_text hover_enabled=\u00bb0&#8243; text_font_size=\u00bb33px\u00bb _builder_version=\u00bb3.21.1&#8243; text_font=\u00bbPoppins||||||||\u00bb text_font_size_last_edited=\u00bbon|tablet\u00bb text_font_size_phone=\u00bb21px\u00bb] Lectura de Medidores Domiciliarios [\/et_pb_text][\/et_pb_column][\/et_pb_row][et_pb_row _builder_version=\u00bb3.0.48&#8243; background_size=\u00bbinitial\u00bb background_position=\u00bbtop_left\u00bb background_repeat=\u00bbrepeat\u00bb][et_pb_column type=\u00bb4_4&#8243;][et_pb_text _builder_version=\u00bb3.21.1&#8243; text_font_size=\u00bb16px\u00bb z_index_tablet=\u00bb500&#8243;] Muchos de mis clientes consultaron por el sistema Quo sabiendo lo laborioso que resulta tomar los estados de los medidores domiciliarios de energ\u00eda el\u00e9ctrica o agua potable de manera [&hellip;]\" \/>\n<meta property=\"og:url\" content=\"https:\/\/pixiacom.com.ar\/index.php\/toma-de-estados\/\" \/>\n<meta property=\"og:site_name\" content=\"Pixiacom\" \/>\n<meta property=\"article:modified_time\" content=\"2025-05-02T14:13:21+00:00\" \/>\n<meta name=\"twitter:card\" content=\"summary_large_image\" \/>\n<meta name=\"twitter:label1\" content=\"Tiempo de lectura\" \/>\n\t<meta name=\"twitter:data1\" content=\"6 minutos\" \/>\n<script type=\"application\/ld+json\" class=\"yoast-schema-graph\">{\"@context\":\"https:\/\/schema.org\",\"@graph\":[{\"@type\":\"WebPage\",\"@id\":\"https:\/\/pixiacom.com.ar\/index.php\/toma-de-estados\/\",\"url\":\"https:\/\/pixiacom.com.ar\/index.php\/toma-de-estados\/\",\"name\":\"Toma de estados - Pixiacom\",\"isPartOf\":{\"@id\":\"https:\/\/pixiacom.com.ar\/#website\"},\"datePublished\":\"2021-01-02T22:18:33+00:00\",\"dateModified\":\"2025-05-02T14:13:21+00:00\",\"breadcrumb\":{\"@id\":\"https:\/\/pixiacom.com.ar\/index.php\/toma-de-estados\/#breadcrumb\"},\"inLanguage\":\"es\",\"potentialAction\":[{\"@type\":\"ReadAction\",\"target\":[\"https:\/\/pixiacom.com.ar\/index.php\/toma-de-estados\/\"]}]},{\"@type\":\"BreadcrumbList\",\"@id\":\"https:\/\/pixiacom.com.ar\/index.php\/toma-de-estados\/#breadcrumb\",\"itemListElement\":[{\"@type\":\"ListItem\",\"position\":1,\"name\":\"Portada\",\"item\":\"https:\/\/pixiacom.com.ar\/\"},{\"@type\":\"ListItem\",\"position\":2,\"name\":\"Toma de estados\"}]},{\"@type\":\"WebSite\",\"@id\":\"https:\/\/pixiacom.com.ar\/#website\",\"url\":\"https:\/\/pixiacom.com.ar\/\",\"name\":\"Pixiacom\",\"description\":\"Ingenier\u00eda en Sistemas\",\"potentialAction\":[{\"@type\":\"SearchAction\",\"target\":{\"@type\":\"EntryPoint\",\"urlTemplate\":\"https:\/\/pixiacom.com.ar\/?s={search_term_string}\"},\"query-input\":\"required name=search_term_string\"}],\"inLanguage\":\"es\"}]}<\/script>\n<!-- \/ Yoast SEO plugin. -->","yoast_head_json":{"title":"Toma de estados - Pixiacom","robots":{"index":"index","follow":"follow","max-snippet":"max-snippet:-1","max-image-preview":"max-image-preview:large","max-video-preview":"max-video-preview:-1"},"canonical":"https:\/\/pixiacom.com.ar\/index.php\/toma-de-estados\/","og_locale":"es_ES","og_type":"article","og_title":"Toma de estados - Pixiacom","og_description":"[et_pb_section bb_built=\u00bb1&#8243; _builder_version=\u00bb3.0.47&#8243;][et_pb_row border_radii=\u00bbon|1px|1px|1px|1px\u00bb _builder_version=\u00bb3.21.1&#8243; border_color_all=\u00bb#222222&#8243;][et_pb_column type=\u00bb4_4&#8243;][et_pb_text hover_enabled=\u00bb0&#8243; text_font_size=\u00bb33px\u00bb _builder_version=\u00bb3.21.1&#8243; text_font=\u00bbPoppins||||||||\u00bb text_font_size_last_edited=\u00bbon|tablet\u00bb text_font_size_phone=\u00bb21px\u00bb] Lectura de Medidores Domiciliarios [\/et_pb_text][\/et_pb_column][\/et_pb_row][et_pb_row _builder_version=\u00bb3.0.48&#8243; background_size=\u00bbinitial\u00bb background_position=\u00bbtop_left\u00bb background_repeat=\u00bbrepeat\u00bb][et_pb_column type=\u00bb4_4&#8243;][et_pb_text _builder_version=\u00bb3.21.1&#8243; text_font_size=\u00bb16px\u00bb z_index_tablet=\u00bb500&#8243;] Muchos de mis clientes consultaron por el sistema Quo sabiendo lo laborioso que resulta tomar los estados de los medidores domiciliarios de energ\u00eda el\u00e9ctrica o agua potable de manera [&hellip;]","og_url":"https:\/\/pixiacom.com.ar\/index.php\/toma-de-estados\/","og_site_name":"Pixiacom","article_modified_time":"2025-05-02T14:13:21+00:00","twitter_card":"summary_large_image","twitter_misc":{"Tiempo de lectura":"6 minutos"},"schema":{"@context":"https:\/\/schema.org","@graph":[{"@type":"WebPage","@id":"https:\/\/pixiacom.com.ar\/index.php\/toma-de-estados\/","url":"https:\/\/pixiacom.com.ar\/index.php\/toma-de-estados\/","name":"Toma de estados - Pixiacom","isPartOf":{"@id":"https:\/\/pixiacom.com.ar\/#website"},"datePublished":"2021-01-02T22:18:33+00:00","dateModified":"2025-05-02T14:13:21+00:00","breadcrumb":{"@id":"https:\/\/pixiacom.com.ar\/index.php\/toma-de-estados\/#breadcrumb"},"inLanguage":"es","potentialAction":[{"@type":"ReadAction","target":["https:\/\/pixiacom.com.ar\/index.php\/toma-de-estados\/"]}]},{"@type":"BreadcrumbList","@id":"https:\/\/pixiacom.com.ar\/index.php\/toma-de-estados\/#breadcrumb","itemListElement":[{"@type":"ListItem","position":1,"name":"Portada","item":"https:\/\/pixiacom.com.ar\/"},{"@type":"ListItem","position":2,"name":"Toma de estados"}]},{"@type":"WebSite","@id":"https:\/\/pixiacom.com.ar\/#website","url":"https:\/\/pixiacom.com.ar\/","name":"Pixiacom","description":"Ingenier\u00eda en Sistemas","potentialAction":[{"@type":"SearchAction","target":{"@type":"EntryPoint","urlTemplate":"https:\/\/pixiacom.com.ar\/?s={search_term_string}"},"query-input":"required name=search_term_string"}],"inLanguage":"es"}]}},"_links":{"self":[{"href":"https:\/\/pixiacom.com.ar\/index.php\/wp-json\/wp\/v2\/pages\/482"}],"collection":[{"href":"https:\/\/pixiacom.com.ar\/index.php\/wp-json\/wp\/v2\/pages"}],"about":[{"href":"https:\/\/pixiacom.com.ar\/index.php\/wp-json\/wp\/v2\/types\/page"}],"author":[{"embeddable":true,"href":"https:\/\/pixiacom.com.ar\/index.php\/wp-json\/wp\/v2\/users\/2"}],"replies":[{"embeddable":true,"href":"https:\/\/pixiacom.com.ar\/index.php\/wp-json\/wp\/v2\/comments?post=482"}],"version-history":[{"count":27,"href":"https:\/\/pixiacom.com.ar\/index.php\/wp-json\/wp\/v2\/pages\/482\/revisions"}],"predecessor-version":[{"id":677,"href":"https:\/\/pixiacom.com.ar\/index.php\/wp-json\/wp\/v2\/pages\/482\/revisions\/677"}],"wp:attachment":[{"href":"https:\/\/pixiacom.com.ar\/index.php\/wp-json\/wp\/v2\/media?parent=482"}],"curies":[{"name":"wp","href":"https:\/\/api.w.org\/{rel}","templated":true}]}}