{"id":626,"date":"2023-08-21T22:03:25","date_gmt":"2023-08-21T22:03:25","guid":{"rendered":"https:\/\/pixiacom.com.ar\/?page_id=626"},"modified":"2023-08-21T22:24:50","modified_gmt":"2023-08-21T22:24:50","slug":"voila-gestion-de-tickets-y-reclamos","status":"publish","type":"page","link":"https:\/\/pixiacom.com.ar\/index.php\/voila-gestion-de-tickets-y-reclamos\/","title":{"rendered":"Voila &#8211; Gesti\u00f3n de Tickets y Reclamos"},"content":{"rendered":"<p>[et_pb_section bb_built=\u00bb1&#8243;][et_pb_row][et_pb_column type=\u00bb4_4&#8243;][et_pb_text _builder_version=\u00bb3.21.1&#8243; z_index_tablet=\u00bb500&#8243;]<\/p>\n<p>Voil\u00e1 es un sistema de software pensado para la gesti\u00f3n de tickets que organiza las tareas frecuentes de tu cooperativa con un control y orden eficaz, garantizando la conformidad de los socios.\u00a0<\/p>\n<p>Nuestro sistema de tickets est\u00e1 pensado para cooperativas de Servicios P\u00fablicos brindando soluciones a las tareas cotidianas y terminando con largas colas en la mesa de entrada.<\/p>\n<div>\u00a0<\/div>\n<div>Reemplaz\u00e1\u00a0la pila de papeles por el orden y la prolijidad que nuestro sistema te ofrece a trav\u00e9s de una pantalla.<\/div>\n<p>[\/et_pb_text][\/et_pb_column][\/et_pb_row][et_pb_row _builder_version=\u00bb3.21.1&#8243; module_alignment=\u00bbcenter\u00bb z_index_tablet=\u00bb500&#8243;][et_pb_column type=\u00bb4_4&#8243;][et_pb_gallery _builder_version=\u00bb3.21.1&#8243; gallery_ids=\u00bb633,629,632,641&#8243; hover_overlay_color=\u00bbrgba(255,255,255,0.9)\u00bb z_index_tablet=\u00bb500&#8243; text_orientation=\u00bbcenter\u00bb custom_css_gallery_item_title=\u00bbdisplay:none;\u00bb \/][\/et_pb_column][\/et_pb_row][et_pb_row][et_pb_column type=\u00bb4_4&#8243;][et_pb_text admin_label=\u00bbCaracteristicas\u00bb _builder_version=\u00bb3.21.1&#8243; z_index_tablet=\u00bb500&#8243;]<\/p>\n<div><b>\u00bfQu\u00e9 hace por vos Voil\u00e1?<\/b><\/div>\n<div>\u00a0<\/div>\n<div>\n<ul>\n<li>Gestiona los tickets y reclamos para cooperativas de servicios p\u00fablicos de manera digital y online.<\/li>\n<li>Otorga orden y control eficientes sobre altas, bajas y modificaciones en los servicios que se le presta a los asociados.<\/li>\n<li>Gestiona los reclamos garantizando la satisfacci\u00f3n del socio ante un servicio a la altura de las necesidades.<\/li>\n<li>Promueve el orden y las responsabilidades de cada sector dentro de las cooperativas.<\/li>\n<li>Organiza las tareas optimizando el tiempo de cada una.<\/li>\n<li>Agiliza los tr\u00e1mites en la mesa de entrada de manera eficaz evitando que se generen colas innecesarias.<\/li>\n<\/ul>\n<div>\u00a0<\/div>\n<div>Si te interesa implementar organizaci\u00f3n, orden y control en las actividades cotidianas de tu cooperativa sin perder la calma, ten\u00e9s que tener Voil\u00e1.<\/div>\n<\/div>\n<p>[\/et_pb_text][et_pb_code admin_label=\u00bbFormulario de contacto\u00bb _builder_version=\u00bb3.21.1&#8243; z_index_tablet=\u00bb500&#8243;]\n<div class=\"wpcf7 no-js\" id=\"wpcf7-f549-o1\" lang=\"es-ES\" dir=\"ltr\">\n<div class=\"screen-reader-response\"><p role=\"status\" aria-live=\"polite\" aria-atomic=\"true\"><\/p> <ul><\/ul><\/div>\n<form action=\"\/index.php\/wp-json\/wp\/v2\/pages\/626#wpcf7-f549-o1\" method=\"post\" class=\"wpcf7-form init\" aria-label=\"Formulario de contacto\" novalidate=\"novalidate\" data-status=\"init\">\n<div style=\"display: none;\">\n<input type=\"hidden\" name=\"_wpcf7\" value=\"549\" \/>\n<input type=\"hidden\" name=\"_wpcf7_version\" value=\"5.8.7\" \/>\n<input type=\"hidden\" name=\"_wpcf7_locale\" value=\"es_ES\" \/>\n<input type=\"hidden\" name=\"_wpcf7_unit_tag\" value=\"wpcf7-f549-o1\" \/>\n<input type=\"hidden\" name=\"_wpcf7_container_post\" value=\"0\" \/>\n<input type=\"hidden\" name=\"_wpcf7_posted_data_hash\" value=\"\" \/>\n<input type=\"hidden\" name=\"_wpcf7_recaptcha_response\" value=\"\" \/>\n<\/div>\n<p><label> Tu nombre<br \/>\n<span class=\"wpcf7-form-control-wrap\" data-name=\"your-name\"><input size=\"40\" class=\"wpcf7-form-control wpcf7-text wpcf7-validates-as-required\" aria-required=\"true\" aria-invalid=\"false\" value=\"\" type=\"text\" name=\"your-name\" \/><\/span> <\/label>\n<\/p>\n<p><label> Empresa o Cooperativa<br \/>\n<span class=\"wpcf7-form-control-wrap\" data-name=\"empresa\"><input size=\"40\" class=\"wpcf7-form-control wpcf7-text\" aria-invalid=\"false\" value=\"\" type=\"text\" name=\"empresa\" \/><\/span> <\/label>\n<\/p>\n<p><label> Tel\u00e9fono<br \/>\n<span class=\"wpcf7-form-control-wrap\" data-name=\"telefono\"><input size=\"40\" class=\"wpcf7-form-control wpcf7-text\" aria-invalid=\"false\" value=\"\" type=\"text\" name=\"telefono\" \/><\/span> <\/label>\n<\/p>\n<p><label> Tu correo electr\u00f3nico<br \/>\n<span class=\"wpcf7-form-control-wrap\" data-name=\"your-email\"><input size=\"40\" class=\"wpcf7-form-control wpcf7-email wpcf7-validates-as-required wpcf7-text wpcf7-validates-as-email\" aria-required=\"true\" aria-invalid=\"false\" value=\"\" type=\"email\" name=\"your-email\" \/><\/span> <\/label>\n<\/p>\n<p><label> Mensaje (opcional)<br \/>\n<span class=\"wpcf7-form-control-wrap\" data-name=\"your-message\"><textarea cols=\"40\" rows=\"10\" class=\"wpcf7-form-control wpcf7-textarea\" aria-invalid=\"false\" name=\"your-message\"><\/textarea><\/span> <\/label>\n<\/p>\n<p><input class=\"wpcf7-form-control wpcf7-submit has-spinner\" type=\"submit\" value=\"Enviar\" \/>\n<\/p><div class=\"wpcf7-response-output\" aria-hidden=\"true\"><\/div>\n<\/form>\n<\/div>\n[\/et_pb_code][\/et_pb_column][\/et_pb_row][\/et_pb_section]<\/p>\n","protected":false},"excerpt":{"rendered":"<p>[et_pb_section bb_built=\u00bb1&#8243;][et_pb_row][et_pb_column type=\u00bb4_4&#8243;][et_pb_text _builder_version=\u00bb3.21.1&#8243; z_index_tablet=\u00bb500&#8243;] Voil\u00e1 es un sistema de software pensado para la gesti\u00f3n de tickets que organiza las tareas frecuentes de tu cooperativa con un control y orden eficaz, garantizando la conformidad de los socios.\u00a0 Nuestro sistema de tickets est\u00e1 pensado para cooperativas de Servicios P\u00fablicos brindando soluciones a las tareas cotidianas y [&hellip;]<\/p>\n","protected":false},"author":2,"featured_media":0,"parent":0,"menu_order":0,"comment_status":"closed","ping_status":"closed","template":"","meta":{"_et_pb_use_builder":"on","_et_pb_old_content":""},"yoast_head":"<!-- This site is optimized with the Yoast SEO plugin v21.8.1 - https:\/\/yoast.com\/wordpress\/plugins\/seo\/ -->\n<title>Voila - Gesti\u00f3n de Tickets y Reclamos - Pixiacom<\/title>\n<meta name=\"robots\" content=\"index, follow, max-snippet:-1, max-image-preview:large, max-video-preview:-1\" \/>\n<link rel=\"canonical\" href=\"https:\/\/pixiacom.com.ar\/index.php\/voila-gestion-de-tickets-y-reclamos\/\" \/>\n<meta property=\"og:locale\" content=\"es_ES\" \/>\n<meta property=\"og:type\" content=\"article\" \/>\n<meta property=\"og:title\" content=\"Voila - Gesti\u00f3n de Tickets y Reclamos - Pixiacom\" \/>\n<meta property=\"og:description\" content=\"[et_pb_section bb_built=\u00bb1&#8243;][et_pb_row][et_pb_column type=\u00bb4_4&#8243;][et_pb_text _builder_version=\u00bb3.21.1&#8243; z_index_tablet=\u00bb500&#8243;] Voil\u00e1 es un sistema de software pensado para la gesti\u00f3n de tickets que organiza las tareas frecuentes de tu cooperativa con un control y orden eficaz, garantizando la conformidad de los socios.\u00a0 Nuestro sistema de tickets est\u00e1 pensado para cooperativas de Servicios P\u00fablicos brindando soluciones a las tareas cotidianas y [&hellip;]\" \/>\n<meta property=\"og:url\" content=\"https:\/\/pixiacom.com.ar\/index.php\/voila-gestion-de-tickets-y-reclamos\/\" \/>\n<meta property=\"og:site_name\" content=\"Pixiacom\" \/>\n<meta property=\"article:modified_time\" content=\"2023-08-21T22:24:50+00:00\" \/>\n<meta name=\"twitter:card\" content=\"summary_large_image\" \/>\n<meta name=\"twitter:label1\" content=\"Tiempo de lectura\" \/>\n\t<meta name=\"twitter:data1\" content=\"2 minutos\" \/>\n<script type=\"application\/ld+json\" class=\"yoast-schema-graph\">{\"@context\":\"https:\/\/schema.org\",\"@graph\":[{\"@type\":\"WebPage\",\"@id\":\"https:\/\/pixiacom.com.ar\/index.php\/voila-gestion-de-tickets-y-reclamos\/\",\"url\":\"https:\/\/pixiacom.com.ar\/index.php\/voila-gestion-de-tickets-y-reclamos\/\",\"name\":\"Voila - Gesti\u00f3n de Tickets y Reclamos - Pixiacom\",\"isPartOf\":{\"@id\":\"https:\/\/pixiacom.com.ar\/#website\"},\"datePublished\":\"2023-08-21T22:03:25+00:00\",\"dateModified\":\"2023-08-21T22:24:50+00:00\",\"breadcrumb\":{\"@id\":\"https:\/\/pixiacom.com.ar\/index.php\/voila-gestion-de-tickets-y-reclamos\/#breadcrumb\"},\"inLanguage\":\"es\",\"potentialAction\":[{\"@type\":\"ReadAction\",\"target\":[\"https:\/\/pixiacom.com.ar\/index.php\/voila-gestion-de-tickets-y-reclamos\/\"]}]},{\"@type\":\"BreadcrumbList\",\"@id\":\"https:\/\/pixiacom.com.ar\/index.php\/voila-gestion-de-tickets-y-reclamos\/#breadcrumb\",\"itemListElement\":[{\"@type\":\"ListItem\",\"position\":1,\"name\":\"Portada\",\"item\":\"https:\/\/pixiacom.com.ar\/\"},{\"@type\":\"ListItem\",\"position\":2,\"name\":\"Voila &#8211; Gesti\u00f3n de Tickets y Reclamos\"}]},{\"@type\":\"WebSite\",\"@id\":\"https:\/\/pixiacom.com.ar\/#website\",\"url\":\"https:\/\/pixiacom.com.ar\/\",\"name\":\"Pixiacom\",\"description\":\"Ingenier\u00eda en Sistemas\",\"potentialAction\":[{\"@type\":\"SearchAction\",\"target\":{\"@type\":\"EntryPoint\",\"urlTemplate\":\"https:\/\/pixiacom.com.ar\/?s={search_term_string}\"},\"query-input\":\"required name=search_term_string\"}],\"inLanguage\":\"es\"}]}<\/script>\n<!-- \/ Yoast SEO plugin. -->","yoast_head_json":{"title":"Voila - Gesti\u00f3n de Tickets y Reclamos - Pixiacom","robots":{"index":"index","follow":"follow","max-snippet":"max-snippet:-1","max-image-preview":"max-image-preview:large","max-video-preview":"max-video-preview:-1"},"canonical":"https:\/\/pixiacom.com.ar\/index.php\/voila-gestion-de-tickets-y-reclamos\/","og_locale":"es_ES","og_type":"article","og_title":"Voila - Gesti\u00f3n de Tickets y Reclamos - Pixiacom","og_description":"[et_pb_section bb_built=\u00bb1&#8243;][et_pb_row][et_pb_column type=\u00bb4_4&#8243;][et_pb_text _builder_version=\u00bb3.21.1&#8243; z_index_tablet=\u00bb500&#8243;] Voil\u00e1 es un sistema de software pensado para la gesti\u00f3n de tickets que organiza las tareas frecuentes de tu cooperativa con un control y orden eficaz, garantizando la conformidad de los socios.\u00a0 Nuestro sistema de tickets est\u00e1 pensado para cooperativas de Servicios P\u00fablicos brindando soluciones a las tareas cotidianas y [&hellip;]","og_url":"https:\/\/pixiacom.com.ar\/index.php\/voila-gestion-de-tickets-y-reclamos\/","og_site_name":"Pixiacom","article_modified_time":"2023-08-21T22:24:50+00:00","twitter_card":"summary_large_image","twitter_misc":{"Tiempo de lectura":"2 minutos"},"schema":{"@context":"https:\/\/schema.org","@graph":[{"@type":"WebPage","@id":"https:\/\/pixiacom.com.ar\/index.php\/voila-gestion-de-tickets-y-reclamos\/","url":"https:\/\/pixiacom.com.ar\/index.php\/voila-gestion-de-tickets-y-reclamos\/","name":"Voila - Gesti\u00f3n de Tickets y Reclamos - Pixiacom","isPartOf":{"@id":"https:\/\/pixiacom.com.ar\/#website"},"datePublished":"2023-08-21T22:03:25+00:00","dateModified":"2023-08-21T22:24:50+00:00","breadcrumb":{"@id":"https:\/\/pixiacom.com.ar\/index.php\/voila-gestion-de-tickets-y-reclamos\/#breadcrumb"},"inLanguage":"es","potentialAction":[{"@type":"ReadAction","target":["https:\/\/pixiacom.com.ar\/index.php\/voila-gestion-de-tickets-y-reclamos\/"]}]},{"@type":"BreadcrumbList","@id":"https:\/\/pixiacom.com.ar\/index.php\/voila-gestion-de-tickets-y-reclamos\/#breadcrumb","itemListElement":[{"@type":"ListItem","position":1,"name":"Portada","item":"https:\/\/pixiacom.com.ar\/"},{"@type":"ListItem","position":2,"name":"Voila &#8211; Gesti\u00f3n de Tickets y Reclamos"}]},{"@type":"WebSite","@id":"https:\/\/pixiacom.com.ar\/#website","url":"https:\/\/pixiacom.com.ar\/","name":"Pixiacom","description":"Ingenier\u00eda en Sistemas","potentialAction":[{"@type":"SearchAction","target":{"@type":"EntryPoint","urlTemplate":"https:\/\/pixiacom.com.ar\/?s={search_term_string}"},"query-input":"required name=search_term_string"}],"inLanguage":"es"}]}},"_links":{"self":[{"href":"https:\/\/pixiacom.com.ar\/index.php\/wp-json\/wp\/v2\/pages\/626"}],"collection":[{"href":"https:\/\/pixiacom.com.ar\/index.php\/wp-json\/wp\/v2\/pages"}],"about":[{"href":"https:\/\/pixiacom.com.ar\/index.php\/wp-json\/wp\/v2\/types\/page"}],"author":[{"embeddable":true,"href":"https:\/\/pixiacom.com.ar\/index.php\/wp-json\/wp\/v2\/users\/2"}],"replies":[{"embeddable":true,"href":"https:\/\/pixiacom.com.ar\/index.php\/wp-json\/wp\/v2\/comments?post=626"}],"version-history":[{"count":10,"href":"https:\/\/pixiacom.com.ar\/index.php\/wp-json\/wp\/v2\/pages\/626\/revisions"}],"predecessor-version":[{"id":642,"href":"https:\/\/pixiacom.com.ar\/index.php\/wp-json\/wp\/v2\/pages\/626\/revisions\/642"}],"wp:attachment":[{"href":"https:\/\/pixiacom.com.ar\/index.php\/wp-json\/wp\/v2\/media?parent=626"}],"curies":[{"name":"wp","href":"https:\/\/api.w.org\/{rel}","templated":true}]}}